{"id":46,"date":"2020-07-20T08:04:51","date_gmt":"2020-07-20T06:04:51","guid":{"rendered":"https:\/\/www.frauenchor-dacapo.de\/neu\/home\/"},"modified":"2026-04-09T16:22:42","modified_gmt":"2026-04-09T14:22:42","slug":"frauenchor-dacapo","status":"publish","type":"page","link":"https:\/\/www.frauenchor-dacapo.de\/neu\/","title":{"rendered":"Home"},"content":{"rendered":"\t\t<div data-elementor-type=\"wp-page\" data-elementor-id=\"46\" class=\"elementor elementor-46\" data-elementor-post-type=\"page\">\n\t\t\t\t\t\t<section class=\"elementor-section elementor-top-section elementor-element elementor-element-6d54a7c1 elementor-section-boxed elementor-section-height-default elementor-section-height-default\" data-id=\"6d54a7c1\" data-element_type=\"section\" data-e-type=\"section\" data-settings=\"{&quot;background_background&quot;:&quot;classic&quot;}\">\n\t\t\t\t\t\t\t<div class=\"elementor-background-overlay\"><\/div>\n\t\t\t\t\t\t\t<div class=\"elementor-container elementor-column-gap-no\">\n\t\t\t\t\t<div class=\"aux-parallax-section elementor-column elementor-col-100 elementor-top-column elementor-element elementor-element-5ba285e0\" data-id=\"5ba285e0\" data-element_type=\"column\" data-e-type=\"column\">\n\t\t\t<div class=\"elementor-widget-wrap elementor-element-populated\">\n\t\t\t\t\t\t<div class=\"aux-scroll-anim elementor-element elementor-element-77e27273 elementor-widget__width-auto aux-appear-watch-animation aux-fade-in-up-2 elementor-widget elementor-widget-heading\" data-move-in=\"\" data-move-out=\"moveHorizontal\" data-axis-x=\"-30\" data-axis-y=\"200\" data-rotate=\"90\" data-scale=\"1\" data-vp-top=\"0.5\" data-vp-bot=\"0.5\" data-el-top=\"0.2\" data-scroll-animation-off=\"1024\" data-id=\"77e27273\" data-element_type=\"widget\" data-e-type=\"widget\" data-widget_type=\"heading.default\">\n\t\t\t\t<div class=\"elementor-widget-container\">\n\t\t\t\t\t<h1 class=\"elementor-heading-title elementor-size-small\">Willkommen<\/h1>\t\t\t\t<\/div>\n\t\t\t\t<\/div>\n\t\t\t\t<section class=\"elementor-section elementor-inner-section elementor-element elementor-element-3babcb4e elementor-section-height-min-height elementor-section-full_width elementor-section-height-default\" data-id=\"3babcb4e\" data-element_type=\"section\" data-e-type=\"section\" data-settings=\"{&quot;background_background&quot;:&quot;slideshow&quot;,&quot;background_slideshow_gallery&quot;:[{&quot;id&quot;:3297,&quot;url&quot;:&quot;https:\\\/\\\/www.frauenchor-dacapo.de\\\/neu\\\/wp-content\\\/uploads\\\/2023\\\/04\\\/64-Chor13-scaled-e1681040553405.jpg&quot;},{&quot;id&quot;:3601,&quot;url&quot;:&quot;https:\\\/\\\/www.frauenchor-dacapo.de\\\/neu\\\/wp-content\\\/uploads\\\/2023\\\/05\\\/12-e1685222414113.jpg&quot;},{&quot;id&quot;:3599,&quot;url&quot;:&quot;https:\\\/\\\/www.frauenchor-dacapo.de\\\/neu\\\/wp-content\\\/uploads\\\/2023\\\/05\\\/32-e1685222465565.jpg&quot;},{&quot;id&quot;:1417,&quot;url&quot;:&quot;https:\\\/\\\/www.frauenchor-dacapo.de\\\/neu\\\/wp-content\\\/uploads\\\/2022\\\/09\\\/044-scaled-e1670324239160.jpg&quot;}],&quot;background_slideshow_slide_duration&quot;:5000,&quot;background_slideshow_slide_transition&quot;:&quot;fade&quot;,&quot;background_slideshow_transition_duration&quot;:500}\">\n\t\t\t\t\t\t<div class=\"elementor-container elementor-column-gap-no\">\n\t\t\t\t\t<div class=\"aux-parallax-section elementor-column elementor-col-100 elementor-inner-column elementor-element elementor-element-ca29573\" data-id=\"ca29573\" data-element_type=\"column\" data-e-type=\"column\">\n\t\t\t<div class=\"elementor-widget-wrap\">\n\t\t\t\t\t\t\t<\/div>\n\t\t<\/div>\n\t\t\t\t\t<\/div>\n\t\t<\/section>\n\t\t\t\t\t<\/div>\n\t\t<\/div>\n\t\t\t\t\t<\/div>\n\t\t<\/section>\n\t\t\t\t<section class=\"elementor-section elementor-inner-section elementor-element elementor-element-5690de55 elementor-section-full_width elementor-section-content-top elementor-section-height-default elementor-section-height-default\" data-id=\"5690de55\" data-element_type=\"section\" data-e-type=\"section\" data-settings=\"{&quot;background_background&quot;:&quot;gradient&quot;}\">\n\t\t\t\t\t\t<div class=\"elementor-container elementor-column-gap-no\">\n\t\t\t\t\t<div class=\"aux-parallax-section elementor-column elementor-col-50 elementor-inner-column elementor-element elementor-element-5bf976bf\" data-id=\"5bf976bf\" data-element_type=\"column\" data-e-type=\"column\" data-settings=\"{&quot;background_background&quot;:&quot;classic&quot;}\">\n\t\t\t<div class=\"elementor-widget-wrap elementor-element-populated\">\n\t\t\t\t\t\t<div class=\"elementor-element elementor-element-4e5b8e90 aux-appear-watch-animation aux-scale-down elementor-widget elementor-widget-aux_modern_heading\" data-id=\"4e5b8e90\" data-element_type=\"widget\" data-e-type=\"widget\" data-widget_type=\"aux_modern_heading.default\">\n\t\t\t\t<div class=\"elementor-widget-container\">\n\t\t\t\t\t<section class=\"aux-widget-modern-heading\">\n            <div class=\"aux-widget-inner\"><h2 class=\"aux-modern-heading-primary\">Frauenchor DaCapo e.V.<\/h2><\/div>\n        <\/section>\t\t\t\t<\/div>\n\t\t\t\t<\/div>\n\t\t\t\t\t<\/div>\n\t\t<\/div>\n\t\t\t\t<div class=\"aux-parallax-section elementor-column elementor-col-50 elementor-inner-column elementor-element elementor-element-74af5bf7\" data-id=\"74af5bf7\" data-element_type=\"column\" data-e-type=\"column\" data-settings=\"{&quot;background_background&quot;:&quot;classic&quot;}\">\n\t\t\t<div class=\"elementor-widget-wrap elementor-element-populated\">\n\t\t\t\t\t\t<div class=\"elementor-element elementor-element-666e363a elementor-widget elementor-widget-image\" data-id=\"666e363a\" data-element_type=\"widget\" data-e-type=\"widget\" data-widget_type=\"image.default\">\n\t\t\t\t<div class=\"elementor-widget-container\">\n\t\t\t\t\t\t\t\t\t\t\t\t\t\t\t<img decoding=\"async\" src=\"https:\/\/www.frauenchor-dacapo.de\/neu\/wp-content\/uploads\/2022\/12\/Bild1-e1670617542225.png\" title=\"Bild1\" alt=\"Bild1\" loading=\"lazy\" \/>\t\t\t\t\t\t\t\t\t\t\t\t\t\t\t<\/div>\n\t\t\t\t<\/div>\n\t\t\t\t\t<\/div>\n\t\t<\/div>\n\t\t\t\t\t<\/div>\n\t\t<\/section>\n\t\t\t\t<section class=\"elementor-section elementor-top-section elementor-element elementor-element-30079fa elementor-section-height-min-height elementor-section-boxed elementor-section-height-default elementor-section-items-middle\" data-id=\"30079fa\" data-element_type=\"section\" data-e-type=\"section\" data-settings=\"{&quot;background_background&quot;:&quot;classic&quot;}\">\n\t\t\t\t\t\t<div class=\"elementor-container elementor-column-gap-default\">\n\t\t\t\t\t<div class=\"aux-parallax-section elementor-column elementor-col-100 elementor-top-column elementor-element elementor-element-9d4e3b7\" data-id=\"9d4e3b7\" data-element_type=\"column\" data-e-type=\"column\">\n\t\t\t<div class=\"elementor-widget-wrap elementor-element-populated\">\n\t\t\t\t\t\t<div class=\"elementor-element elementor-element-308623a elementor-widget-mobile__width-initial elementor-headline--style-highlight elementor-widget elementor-widget-animated-headline\" data-id=\"308623a\" data-element_type=\"widget\" data-e-type=\"widget\" data-settings=\"{&quot;highlighted_text&quot;:&quot;Spa\\u00df&quot;,&quot;marker&quot;:&quot;underline&quot;,&quot;headline_style&quot;:&quot;highlight&quot;,&quot;loop&quot;:&quot;yes&quot;,&quot;highlight_animation_duration&quot;:1200,&quot;highlight_iteration_delay&quot;:8000}\" data-widget_type=\"animated-headline.default\">\n\t\t\t\t<div class=\"elementor-widget-container\">\n\t\t\t\t\t\t\t<h3 class=\"elementor-headline\">\n\t\t\t\t\t<span class=\"elementor-headline-plain-text elementor-headline-text-wrapper\">Singen macht<\/span>\n\t\t\t\t<span class=\"elementor-headline-dynamic-wrapper elementor-headline-text-wrapper\">\n\t\t\t\t\t<span class=\"elementor-headline-dynamic-text elementor-headline-text-active\">Spa\u00df<\/span>\n\t\t\t\t<\/span>\n\t\t\t\t<\/h3>\n\t\t\t\t\t\t<\/div>\n\t\t\t\t<\/div>\n\t\t\t\t\t<\/div>\n\t\t<\/div>\n\t\t\t\t\t<\/div>\n\t\t<\/section>\n\t\t<div class=\"aux-parallax-section elementor-element elementor-element-4163c4b8 e-con-full e-flex e-con e-parent\" data-id=\"4163c4b8\" data-element_type=\"container\" data-e-type=\"container\" data-settings=\"{&quot;background_background&quot;:&quot;classic&quot;}\">\n\t\t<div class=\"elementor-element elementor-element-472c2359 e-con-full e-flex e-con e-child\" data-id=\"472c2359\" data-element_type=\"container\" data-e-type=\"container\" data-settings=\"{&quot;background_background&quot;:&quot;classic&quot;}\">\n\t\t\t\t<div class=\"elementor-element elementor-element-4a943691 elementor-widget elementor-widget-heading\" data-id=\"4a943691\" data-element_type=\"widget\" data-e-type=\"widget\" data-widget_type=\"heading.default\">\n\t\t\t\t<div class=\"elementor-widget-container\">\n\t\t\t\t\t<p class=\"elementor-heading-title elementor-size-default\"><a href=\"https:\/\/www.frauenchor-dacapo.de\/neu\/strategie\/\">Herzlich willkommen <\/a><\/p>\t\t\t\t<\/div>\n\t\t\t\t<\/div>\n\t\t\t\t<div class=\"elementor-element elementor-element-18defe11 elementor-widget elementor-widget-heading\" data-id=\"18defe11\" data-element_type=\"widget\" data-e-type=\"widget\" data-widget_type=\"heading.default\">\n\t\t\t\t<div class=\"elementor-widget-container\">\n\t\t\t\t\t<h2 class=\"elementor-heading-title elementor-size-default\">Frauenchor DaCapo e.V.<\/h2>\t\t\t\t<\/div>\n\t\t\t\t<\/div>\n\t\t\t\t<div class=\"elementor-element elementor-element-5a3fc237 elementor-widget-tablet__width-initial elementor-widget-mobile__width-initial elementor-widget elementor-widget-text-editor\" data-id=\"5a3fc237\" data-element_type=\"widget\" data-e-type=\"widget\" data-widget_type=\"text-editor.default\">\n\t\t\t\t<div class=\"elementor-widget-container\">\n\t\t\t\t\t\t\t\t\t<p>Wir sind durchweg jung gebliebene Frauen. Unser Motto \u201eSingen macht Spa\u00df\u201c machen wir h\u00f6rbar und sichtbar.<br \/>Der Frauenchor DaCapo wurde im September 2011 gegr\u00fcndet. Unser Repertoire ist weit gef\u00e4chert. Von Schlager\/Pop \u00fcber Folklore und geistlichen Liedern \/ Gospels \/ Spirituals bis hin zu Film- und Musicalmelodien haben wir schon Vieles gesungen.<\/p><p>Kommen Sie zum \u201eSchnuppern\u201c, bei uns erhalten Sie die M\u00f6glichkeit zum aktiven Ausprobieren. Lernen Sie den Frauenchor DaCapo und seinen Chorleiter Hans-J\u00fcrgen Fleischer kennen und verleihen Sie Ihrem Leben eine neue Note.<br \/>Notenkenntnisse sind nicht zwingend erforderlich! Es findet kein Vorsingen statt!\u00a0 \u00a0 \u00a0\u00a0<a href=\"https:\/\/www.frauenchor-dacapo.de\/neu\/kontakt\/\">KONTAKT<\/a><\/p><p><strong>Ort:<\/strong>\u00a0<strong>Altenzentrum \u201eWuppertaler Hof\u201c<br \/><\/strong>Festsaal, 1. Etage<br \/><span dir=\"ltr\">Hans-Dietrich-Genscher-Platz 5<\/span><br \/><span dir=\"ltr\">42283 Wuppertal<\/span><\/p><p><strong>Wann:<\/strong>\u00a0donnerstags, zurzeit von 19:30 \u2013 21:00 Uhr<\/p>\t\t\t\t\t\t\t\t<\/div>\n\t\t\t\t<\/div>\n\t\t\t\t<\/div>\n\t\t<div class=\"elementor-element elementor-element-151d976 e-con-full e-flex e-con e-child\" data-id=\"151d976\" data-element_type=\"container\" data-e-type=\"container\">\n\t\t<div class=\"elementor-element elementor-element-5b0207d e-con-full e-flex e-con e-child\" data-id=\"5b0207d\" data-element_type=\"container\" data-e-type=\"container\">\n\t\t\t\t<div class=\"elementor-element elementor-element-baa0f01 elementor-widget elementor-widget-heading\" data-id=\"baa0f01\" data-element_type=\"widget\" data-e-type=\"widget\" data-widget_type=\"heading.default\">\n\t\t\t\t<div class=\"elementor-widget-container\">\n\t\t\t\t\t<h3 class=\"elementor-heading-title elementor-size-default\"><a href=\"https:\/\/www.frauenchor-dacapo.de\/neu\/termine\/\">Chormusical am 21.02.2026<\/a><\/h3>\t\t\t\t<\/div>\n\t\t\t\t<\/div>\n\t\t\t\t<\/div>\n\t\t<div class=\"elementor-element elementor-element-dc05c73 e-con-full e-flex e-con e-child\" data-id=\"dc05c73\" data-element_type=\"container\" data-e-type=\"container\">\n\t\t\t\t<div class=\"elementor-element elementor-element-a4f519f elementor-widget elementor-widget-text-editor\" data-id=\"a4f519f\" data-element_type=\"widget\" data-e-type=\"widget\" data-widget_type=\"text-editor.default\">\n\t\t\t\t<div class=\"elementor-widget-container\">\n\t\t\t\t\t\t\t\t\t<p><a href=\"https:\/\/www.frauenchor-dacapo.de\/neu\/chormusical-21-02-2026\/\"><span style=\"color: #000000;\">Chormusical \u201eJudith und das Wunder der Sch\u00f6pfung\u201c \u2013 wir waren dabei!<\/span><\/a><\/p><p><a href=\"https:\/\/www.frauenchor-dacapo.de\/neu\/chormusical-21-02-2026\/\">Klicken Sie bitte hier!<\/a><\/p>\t\t\t\t\t\t\t\t<\/div>\n\t\t\t\t<\/div>\n\t\t\t\t<\/div>\n\t\t<div class=\"elementor-element elementor-element-94a1713 e-con-full e-flex e-con e-child\" data-id=\"94a1713\" data-element_type=\"container\" data-e-type=\"container\">\n\t\t\t\t<div class=\"elementor-element elementor-element-c68d718 elementor-widget elementor-widget-heading\" data-id=\"c68d718\" data-element_type=\"widget\" data-e-type=\"widget\" data-widget_type=\"heading.default\">\n\t\t\t\t<div class=\"elementor-widget-container\">\n\t\t\t\t\t<h3 class=\"elementor-heading-title elementor-size-default\"><a href=\"https:\/\/www.frauenchor-dacapo.de\/neu\/adventskonzert-30-11-2025\/\">Adventskonzert vom 30.11.2025<\/a><\/h3>\t\t\t\t<\/div>\n\t\t\t\t<\/div>\n\t\t\t\t<\/div>\n\t\t<div class=\"elementor-element elementor-element-e94bddd e-con-full e-flex e-con e-child\" data-id=\"e94bddd\" data-element_type=\"container\" data-e-type=\"container\">\n\t\t\t\t<div class=\"elementor-element elementor-element-e1fb24c elementor-widget elementor-widget-text-editor\" data-id=\"e1fb24c\" data-element_type=\"widget\" data-e-type=\"widget\" data-widget_type=\"text-editor.default\">\n\t\t\t\t<div class=\"elementor-widget-container\">\n\t\t\t\t\t\t\t\t\t<p><span style=\"color: #000000;\">Am 1. Advent durften wir Teil eines ganz besonderen musikalischen Nachmittags in der Friedhofskirche in Wuppertal sein. Schon beim Betreten der Kirche sp\u00fcrten wir diese besondere Mischung aus Erwartung, Stille und festlicher W\u00e4rme, die nur die Adventszeit hervorzubringen vermag.<\/span><\/p><p><a href=\"https:\/\/www.frauenchor-dacapo.de\/neu\/adventskonzert-30-11-2025\/\">Lesen Sie bitte weiter &#8230;<\/a><\/p>\t\t\t\t\t\t\t\t<\/div>\n\t\t\t\t<\/div>\n\t\t\t\t<\/div>\n\t\t\t\t<\/div>\n\t\t\t\t<\/div>\n\t\t\t\t<\/div>\n\t\t","protected":false},"excerpt":{"rendered":"<p>Willkommen Frauenchor DaCapo e.V. Singen macht Spa\u00df Herzlich willkommen Frauenchor DaCapo e.V. Wir sind durchweg jung gebliebene Frauen. Unser Motto \u201eSingen macht Spa\u00df\u201c machen wir h\u00f6rbar und sichtbar.Der Frauenchor DaCapo wurde im September 2011 gegr\u00fcndet. Unser Repertoire ist weit gef\u00e4chert. Von Schlager\/Pop \u00fcber Folklore und geistlichen Liedern \/ Gospels \/ Spirituals bis hin zu Film- [&hellip;]<\/p>\n","protected":false},"author":1,"featured_media":3295,"parent":0,"menu_order":0,"comment_status":"closed","ping_status":"closed","template":"","meta":{"footnotes":""},"class_list":["post-46","page","type-page","status-publish","has-post-thumbnail","hentry"],"yoast_head":"<!-- This site is optimized with the Yoast SEO plugin v27.4 - https:\/\/yoast.com\/product\/yoast-seo-wordpress\/ -->\n<title>Home - Frauenchor DaCapo e.V.<\/title>\n<meta name=\"description\" content=\"Singen macht Spa\u00df...!\" \/>\n<meta name=\"robots\" content=\"index, follow, max-snippet:-1, max-image-preview:large, max-video-preview:-1\" \/>\n<link rel=\"canonical\" href=\"https:\/\/www.frauenchor-dacapo.de\/neu\/\" \/>\n<meta property=\"og:locale\" content=\"de_DE\" \/>\n<meta property=\"og:type\" content=\"article\" \/>\n<meta property=\"og:title\" content=\"Home - Frauenchor DaCapo e.V.\" \/>\n<meta property=\"og:description\" content=\"Singen macht Spa\u00df...!\" \/>\n<meta property=\"og:url\" content=\"https:\/\/www.frauenchor-dacapo.de\/neu\/\" \/>\n<meta property=\"og:site_name\" content=\"Frauenchor DaCapo e.V.\" \/>\n<meta property=\"article:modified_time\" content=\"2026-04-09T14:22:42+00:00\" \/>\n<meta property=\"og:image\" content=\"https:\/\/www.frauenchor-dacapo.de\/neu\/wp-content\/uploads\/2023\/04\/37-e1681065686297.jpg\" \/>\n\t<meta property=\"og:image:width\" content=\"1024\" \/>\n\t<meta property=\"og:image:height\" content=\"622\" \/>\n\t<meta property=\"og:image:type\" content=\"image\/jpeg\" \/>\n<meta name=\"twitter:card\" content=\"summary_large_image\" \/>\n<meta name=\"twitter:label1\" content=\"Gesch\u00e4tzte Lesezeit\" \/>\n\t<meta name=\"twitter:data1\" content=\"2\u00a0Minuten\" \/>\n<script type=\"application\/ld+json\" class=\"yoast-schema-graph\">{\"@context\":\"https:\\\/\\\/schema.org\",\"@graph\":[{\"@type\":\"WebPage\",\"@id\":\"https:\\\/\\\/www.frauenchor-dacapo.de\\\/neu\\\/\",\"url\":\"https:\\\/\\\/www.frauenchor-dacapo.de\\\/neu\\\/\",\"name\":\"Home - Frauenchor DaCapo e.V.\",\"isPartOf\":{\"@id\":\"https:\\\/\\\/www.frauenchor-dacapo.de\\\/neu\\\/#website\"},\"primaryImageOfPage\":{\"@id\":\"https:\\\/\\\/www.frauenchor-dacapo.de\\\/neu\\\/#primaryimage\"},\"image\":{\"@id\":\"https:\\\/\\\/www.frauenchor-dacapo.de\\\/neu\\\/#primaryimage\"},\"thumbnailUrl\":\"https:\\\/\\\/www.frauenchor-dacapo.de\\\/neu\\\/wp-content\\\/uploads\\\/2023\\\/04\\\/37-e1681065686297.jpg\",\"datePublished\":\"2020-07-20T06:04:51+00:00\",\"dateModified\":\"2026-04-09T14:22:42+00:00\",\"description\":\"Singen macht Spa\u00df...!\",\"breadcrumb\":{\"@id\":\"https:\\\/\\\/www.frauenchor-dacapo.de\\\/neu\\\/#breadcrumb\"},\"inLanguage\":\"de\",\"potentialAction\":[{\"@type\":\"ReadAction\",\"target\":[\"https:\\\/\\\/www.frauenchor-dacapo.de\\\/neu\\\/\"]}]},{\"@type\":\"ImageObject\",\"inLanguage\":\"de\",\"@id\":\"https:\\\/\\\/www.frauenchor-dacapo.de\\\/neu\\\/#primaryimage\",\"url\":\"https:\\\/\\\/www.frauenchor-dacapo.de\\\/neu\\\/wp-content\\\/uploads\\\/2023\\\/04\\\/37-e1681065686297.jpg\",\"contentUrl\":\"https:\\\/\\\/www.frauenchor-dacapo.de\\\/neu\\\/wp-content\\\/uploads\\\/2023\\\/04\\\/37-e1681065686297.jpg\",\"width\":1024,\"height\":622},{\"@type\":\"BreadcrumbList\",\"@id\":\"https:\\\/\\\/www.frauenchor-dacapo.de\\\/neu\\\/#breadcrumb\",\"itemListElement\":[{\"@type\":\"ListItem\",\"position\":1,\"name\":\"Startseite\",\"item\":\"https:\\\/\\\/www.frauenchor-dacapo.de\\\/neu\\\/\"},{\"@type\":\"ListItem\",\"position\":2,\"name\":\"Home\"}]},{\"@type\":\"WebSite\",\"@id\":\"https:\\\/\\\/www.frauenchor-dacapo.de\\\/neu\\\/#website\",\"url\":\"https:\\\/\\\/www.frauenchor-dacapo.de\\\/neu\\\/\",\"name\":\"Frauenchor DaCapo e.V.\",\"description\":\"Frauenchor DaCapo e.V.\",\"publisher\":{\"@id\":\"https:\\\/\\\/www.frauenchor-dacapo.de\\\/neu\\\/#organization\"},\"potentialAction\":[{\"@type\":\"SearchAction\",\"target\":{\"@type\":\"EntryPoint\",\"urlTemplate\":\"https:\\\/\\\/www.frauenchor-dacapo.de\\\/neu\\\/?s={search_term_string}\"},\"query-input\":{\"@type\":\"PropertyValueSpecification\",\"valueRequired\":true,\"valueName\":\"search_term_string\"}}],\"inLanguage\":\"de\"},{\"@type\":\"Organization\",\"@id\":\"https:\\\/\\\/www.frauenchor-dacapo.de\\\/neu\\\/#organization\",\"name\":\"Frauenchor DaCapo e.V.\",\"url\":\"https:\\\/\\\/www.frauenchor-dacapo.de\\\/neu\\\/\",\"logo\":{\"@type\":\"ImageObject\",\"inLanguage\":\"de\",\"@id\":\"https:\\\/\\\/www.frauenchor-dacapo.de\\\/neu\\\/#\\\/schema\\\/logo\\\/image\\\/\",\"url\":\"https:\\\/\\\/www.frauenchor-dacapo.de\\\/neu\\\/wp-content\\\/uploads\\\/2020\\\/07\\\/Logo-1.png\",\"contentUrl\":\"https:\\\/\\\/www.frauenchor-dacapo.de\\\/neu\\\/wp-content\\\/uploads\\\/2020\\\/07\\\/Logo-1.png\",\"width\":350,\"height\":100,\"caption\":\"Frauenchor DaCapo e.V.\"},\"image\":{\"@id\":\"https:\\\/\\\/www.frauenchor-dacapo.de\\\/neu\\\/#\\\/schema\\\/logo\\\/image\\\/\"}}]}<\/script>\n<!-- \/ Yoast SEO plugin. -->","yoast_head_json":{"title":"Home - Frauenchor DaCapo e.V.","description":"Singen macht Spa\u00df...!","robots":{"index":"index","follow":"follow","max-snippet":"max-snippet:-1","max-image-preview":"max-image-preview:large","max-video-preview":"max-video-preview:-1"},"canonical":"https:\/\/www.frauenchor-dacapo.de\/neu\/","og_locale":"de_DE","og_type":"article","og_title":"Home - Frauenchor DaCapo e.V.","og_description":"Singen macht Spa\u00df...!","og_url":"https:\/\/www.frauenchor-dacapo.de\/neu\/","og_site_name":"Frauenchor DaCapo e.V.","article_modified_time":"2026-04-09T14:22:42+00:00","og_image":[{"width":1024,"height":622,"url":"https:\/\/www.frauenchor-dacapo.de\/neu\/wp-content\/uploads\/2023\/04\/37-e1681065686297.jpg","type":"image\/jpeg"}],"twitter_card":"summary_large_image","twitter_misc":{"Gesch\u00e4tzte Lesezeit":"2\u00a0Minuten"},"schema":{"@context":"https:\/\/schema.org","@graph":[{"@type":"WebPage","@id":"https:\/\/www.frauenchor-dacapo.de\/neu\/","url":"https:\/\/www.frauenchor-dacapo.de\/neu\/","name":"Home - Frauenchor DaCapo e.V.","isPartOf":{"@id":"https:\/\/www.frauenchor-dacapo.de\/neu\/#website"},"primaryImageOfPage":{"@id":"https:\/\/www.frauenchor-dacapo.de\/neu\/#primaryimage"},"image":{"@id":"https:\/\/www.frauenchor-dacapo.de\/neu\/#primaryimage"},"thumbnailUrl":"https:\/\/www.frauenchor-dacapo.de\/neu\/wp-content\/uploads\/2023\/04\/37-e1681065686297.jpg","datePublished":"2020-07-20T06:04:51+00:00","dateModified":"2026-04-09T14:22:42+00:00","description":"Singen macht Spa\u00df...!","breadcrumb":{"@id":"https:\/\/www.frauenchor-dacapo.de\/neu\/#breadcrumb"},"inLanguage":"de","potentialAction":[{"@type":"ReadAction","target":["https:\/\/www.frauenchor-dacapo.de\/neu\/"]}]},{"@type":"ImageObject","inLanguage":"de","@id":"https:\/\/www.frauenchor-dacapo.de\/neu\/#primaryimage","url":"https:\/\/www.frauenchor-dacapo.de\/neu\/wp-content\/uploads\/2023\/04\/37-e1681065686297.jpg","contentUrl":"https:\/\/www.frauenchor-dacapo.de\/neu\/wp-content\/uploads\/2023\/04\/37-e1681065686297.jpg","width":1024,"height":622},{"@type":"BreadcrumbList","@id":"https:\/\/www.frauenchor-dacapo.de\/neu\/#breadcrumb","itemListElement":[{"@type":"ListItem","position":1,"name":"Startseite","item":"https:\/\/www.frauenchor-dacapo.de\/neu\/"},{"@type":"ListItem","position":2,"name":"Home"}]},{"@type":"WebSite","@id":"https:\/\/www.frauenchor-dacapo.de\/neu\/#website","url":"https:\/\/www.frauenchor-dacapo.de\/neu\/","name":"Frauenchor DaCapo e.V.","description":"Frauenchor DaCapo e.V.","publisher":{"@id":"https:\/\/www.frauenchor-dacapo.de\/neu\/#organization"},"potentialAction":[{"@type":"SearchAction","target":{"@type":"EntryPoint","urlTemplate":"https:\/\/www.frauenchor-dacapo.de\/neu\/?s={search_term_string}"},"query-input":{"@type":"PropertyValueSpecification","valueRequired":true,"valueName":"search_term_string"}}],"inLanguage":"de"},{"@type":"Organization","@id":"https:\/\/www.frauenchor-dacapo.de\/neu\/#organization","name":"Frauenchor DaCapo e.V.","url":"https:\/\/www.frauenchor-dacapo.de\/neu\/","logo":{"@type":"ImageObject","inLanguage":"de","@id":"https:\/\/www.frauenchor-dacapo.de\/neu\/#\/schema\/logo\/image\/","url":"https:\/\/www.frauenchor-dacapo.de\/neu\/wp-content\/uploads\/2020\/07\/Logo-1.png","contentUrl":"https:\/\/www.frauenchor-dacapo.de\/neu\/wp-content\/uploads\/2020\/07\/Logo-1.png","width":350,"height":100,"caption":"Frauenchor DaCapo e.V."},"image":{"@id":"https:\/\/www.frauenchor-dacapo.de\/neu\/#\/schema\/logo\/image\/"}}]}},"_links":{"self":[{"href":"https:\/\/www.frauenchor-dacapo.de\/neu\/wp-json\/wp\/v2\/pages\/46","targetHints":{"allow":["GET"]}}],"collection":[{"href":"https:\/\/www.frauenchor-dacapo.de\/neu\/wp-json\/wp\/v2\/pages"}],"about":[{"href":"https:\/\/www.frauenchor-dacapo.de\/neu\/wp-json\/wp\/v2\/types\/page"}],"author":[{"embeddable":true,"href":"https:\/\/www.frauenchor-dacapo.de\/neu\/wp-json\/wp\/v2\/users\/1"}],"replies":[{"embeddable":true,"href":"https:\/\/www.frauenchor-dacapo.de\/neu\/wp-json\/wp\/v2\/comments?post=46"}],"version-history":[{"count":1012,"href":"https:\/\/www.frauenchor-dacapo.de\/neu\/wp-json\/wp\/v2\/pages\/46\/revisions"}],"predecessor-version":[{"id":5393,"href":"https:\/\/www.frauenchor-dacapo.de\/neu\/wp-json\/wp\/v2\/pages\/46\/revisions\/5393"}],"wp:featuredmedia":[{"embeddable":true,"href":"https:\/\/www.frauenchor-dacapo.de\/neu\/wp-json\/wp\/v2\/media\/3295"}],"wp:attachment":[{"href":"https:\/\/www.frauenchor-dacapo.de\/neu\/wp-json\/wp\/v2\/media?parent=46"}],"curies":[{"name":"wp","href":"https:\/\/api.w.org\/{rel}","templated":true}]}}