{"id":3385,"date":"2023-04-10T15:03:57","date_gmt":"2023-04-10T13:03:57","guid":{"rendered":"https:\/\/www.frauenchor-dacapo.de\/neu\/?page_id=3385"},"modified":"2025-12-04T08:35:17","modified_gmt":"2025-12-04T07:35:17","slug":"chorleiter","status":"publish","type":"page","link":"https:\/\/www.frauenchor-dacapo.de\/neu\/chorleiter\/","title":{"rendered":"Chorleiter"},"content":{"rendered":"\t\t<div data-elementor-type=\"wp-page\" data-elementor-id=\"3385\" class=\"elementor elementor-3385\" data-elementor-post-type=\"page\">\n\t\t\t\t\t\t<section class=\"elementor-section elementor-top-section elementor-element elementor-element-7698a7d elementor-section-boxed elementor-section-height-default elementor-section-height-default\" data-id=\"7698a7d\" data-element_type=\"section\" data-e-type=\"section\" data-settings=\"{&quot;background_background&quot;:&quot;classic&quot;}\">\n\t\t\t\t\t\t\t<div class=\"elementor-background-overlay\"><\/div>\n\t\t\t\t\t\t\t<div class=\"elementor-container elementor-column-gap-no\">\n\t\t\t\t\t<div class=\"aux-parallax-section elementor-column elementor-col-100 elementor-top-column elementor-element elementor-element-00559d3\" data-id=\"00559d3\" data-element_type=\"column\" data-e-type=\"column\">\n\t\t\t<div class=\"elementor-widget-wrap elementor-element-populated\">\n\t\t\t\t\t\t<div class=\"aux-scroll-anim elementor-element elementor-element-64c73e2 elementor-widget__width-auto aux-appear-watch-animation aux-fade-in-up-2 elementor-widget elementor-widget-heading\" data-move-in=\"\" data-move-out=\"moveHorizontal\" data-axis-x=\"-30\" data-axis-y=\"100\" data-rotate=\"90\" data-scale=\"1\" data-vp-top=\"0.5\" data-vp-bot=\"0.5\" data-el-top=\"0.2\" data-scroll-animation-off=\"1024\" data-id=\"64c73e2\" data-element_type=\"widget\" data-e-type=\"widget\" data-widget_type=\"heading.default\">\n\t\t\t\t<div class=\"elementor-widget-container\">\n\t\t\t\t\t<h1 class=\"elementor-heading-title elementor-size-small\">Chorleiter<\/h1>\t\t\t\t<\/div>\n\t\t\t\t<\/div>\n\t\t\t\t<section class=\"elementor-section elementor-inner-section elementor-element elementor-element-be5755b elementor-section-height-min-height elementor-section-full_width elementor-section-height-default\" data-id=\"be5755b\" data-element_type=\"section\" data-e-type=\"section\" data-settings=\"{&quot;background_background&quot;:&quot;slideshow&quot;,&quot;background_slideshow_gallery&quot;:[{&quot;id&quot;:3297,&quot;url&quot;:&quot;https:\\\/\\\/www.frauenchor-dacapo.de\\\/neu\\\/wp-content\\\/uploads\\\/2023\\\/04\\\/64-Chor13-scaled-e1681040553405.jpg&quot;},{&quot;id&quot;:3601,&quot;url&quot;:&quot;https:\\\/\\\/www.frauenchor-dacapo.de\\\/neu\\\/wp-content\\\/uploads\\\/2023\\\/05\\\/12-e1685222414113.jpg&quot;},{&quot;id&quot;:3599,&quot;url&quot;:&quot;https:\\\/\\\/www.frauenchor-dacapo.de\\\/neu\\\/wp-content\\\/uploads\\\/2023\\\/05\\\/32-e1685222465565.jpg&quot;},{&quot;id&quot;:1417,&quot;url&quot;:&quot;https:\\\/\\\/www.frauenchor-dacapo.de\\\/neu\\\/wp-content\\\/uploads\\\/2022\\\/09\\\/044-scaled-e1670324239160.jpg&quot;}],&quot;background_slideshow_slide_duration&quot;:5000,&quot;background_slideshow_slide_transition&quot;:&quot;fade&quot;,&quot;background_slideshow_transition_duration&quot;:500}\">\n\t\t\t\t\t\t<div class=\"elementor-container elementor-column-gap-no\">\n\t\t\t\t\t<div class=\"aux-parallax-section elementor-column elementor-col-100 elementor-inner-column elementor-element elementor-element-369abcd\" data-id=\"369abcd\" data-element_type=\"column\" data-e-type=\"column\">\n\t\t\t<div class=\"elementor-widget-wrap\">\n\t\t\t\t\t\t\t<\/div>\n\t\t<\/div>\n\t\t\t\t\t<\/div>\n\t\t<\/section>\n\t\t\t\t\t<\/div>\n\t\t<\/div>\n\t\t\t\t\t<\/div>\n\t\t<\/section>\n\t\t\t\t<section class=\"elementor-section elementor-inner-section elementor-element elementor-element-7930fcba elementor-section-full_width elementor-section-content-top elementor-section-height-default elementor-section-height-default\" data-id=\"7930fcba\" data-element_type=\"section\" data-e-type=\"section\" data-settings=\"{&quot;background_background&quot;:&quot;gradient&quot;}\">\n\t\t\t\t\t\t<div class=\"elementor-container elementor-column-gap-no\">\n\t\t\t\t\t<div class=\"aux-parallax-section elementor-column elementor-col-50 elementor-inner-column elementor-element elementor-element-77779a4d\" data-id=\"77779a4d\" data-element_type=\"column\" data-e-type=\"column\" data-settings=\"{&quot;background_background&quot;:&quot;classic&quot;}\">\n\t\t\t<div class=\"elementor-widget-wrap elementor-element-populated\">\n\t\t\t\t\t\t<div class=\"elementor-element elementor-element-6c47c2fc aux-appear-watch-animation aux-scale-down elementor-widget elementor-widget-aux_modern_heading\" data-id=\"6c47c2fc\" data-element_type=\"widget\" data-e-type=\"widget\" data-widget_type=\"aux_modern_heading.default\">\n\t\t\t\t<div class=\"elementor-widget-container\">\n\t\t\t\t\t<section class=\"aux-widget-modern-heading\">\n            <div class=\"aux-widget-inner\"><h2 class=\"aux-modern-heading-primary\">Hans-J\u00fcrgen Fleischer (FDC)<\/h2><\/div>\n        <\/section>\t\t\t\t<\/div>\n\t\t\t\t<\/div>\n\t\t\t\t\t<\/div>\n\t\t<\/div>\n\t\t\t\t<div class=\"aux-parallax-section elementor-column elementor-col-50 elementor-inner-column elementor-element elementor-element-3336deaa\" data-id=\"3336deaa\" data-element_type=\"column\" data-e-type=\"column\" data-settings=\"{&quot;background_background&quot;:&quot;classic&quot;}\">\n\t\t\t<div class=\"elementor-widget-wrap elementor-element-populated\">\n\t\t\t\t\t\t<div class=\"elementor-element elementor-element-5b22415c elementor-widget elementor-widget-image\" data-id=\"5b22415c\" data-element_type=\"widget\" data-e-type=\"widget\" data-widget_type=\"image.default\">\n\t\t\t\t<div class=\"elementor-widget-container\">\n\t\t\t\t\t\t\t\t\t\t\t\t\t\t\t<img fetchpriority=\"high\" decoding=\"async\" width=\"1000\" height=\"372\" src=\"https:\/\/www.frauenchor-dacapo.de\/neu\/wp-content\/uploads\/2022\/12\/Bild1-e1670617542225.png\" class=\"attachment-full size-full wp-image-2520\" alt=\"\" \/>\t\t\t\t\t\t\t\t\t\t\t\t\t\t\t<\/div>\n\t\t\t\t<\/div>\n\t\t\t\t\t<\/div>\n\t\t<\/div>\n\t\t\t\t\t<\/div>\n\t\t<\/section>\n\t\t\t\t<section class=\"elementor-section elementor-top-section elementor-element elementor-element-9842966 elementor-section-boxed elementor-section-height-default elementor-section-height-default\" data-id=\"9842966\" data-element_type=\"section\" data-e-type=\"section\" data-settings=\"{&quot;background_background&quot;:&quot;classic&quot;}\">\n\t\t\t\t\t\t<div class=\"elementor-container elementor-column-gap-default\">\n\t\t\t\t\t<div class=\"aux-parallax-section elementor-column elementor-col-100 elementor-top-column elementor-element elementor-element-a7c0b8b\" data-id=\"a7c0b8b\" data-element_type=\"column\" data-e-type=\"column\">\n\t\t\t<div class=\"elementor-widget-wrap elementor-element-populated\">\n\t\t\t\t\t\t<div class=\"elementor-element elementor-element-f391b02 elementor-widget elementor-widget-text-editor\" data-id=\"f391b02\" data-element_type=\"widget\" data-e-type=\"widget\" data-widget_type=\"text-editor.default\">\n\t\t\t\t<div class=\"elementor-widget-container\">\n\t\t\t\t\t\t\t\t\t<p><strong><img decoding=\"async\" class=\"alignleft wp-image-3307 \" src=\"https:\/\/www.frauenchor-dacapo.de\/neu\/wp-content\/uploads\/2023\/04\/2-150x150.jpg\" alt=\"\" width=\"130\" height=\"130\" srcset=\"https:\/\/www.frauenchor-dacapo.de\/neu\/wp-content\/uploads\/2023\/04\/2-150x150.jpg 150w, https:\/\/www.frauenchor-dacapo.de\/neu\/wp-content\/uploads\/2023\/04\/2-300x300.jpg 300w\" sizes=\"(max-width: 130px) 100vw, 130px\" \/><br \/>Hans-J\u00fcrgen Fleischer<br \/><\/strong><strong>Dorfstr. 22, 42897 Remscheid\u00a0\u00a0\u00a0\u00a0 <\/strong><\/p><p><strong>Tel: 02191 \/ 66 52 42<\/strong><\/p><ul><li>geboren in den 40ern in Wilhelmshaven<\/li><li>Studium der Schulmusik f\u00fcr Gymnasien an der Hochschule f\u00fcr Musik in K\u00f6ln mit den Schwerpunkten Klavier, Gesang, Chor- und Orchesterdirigat<\/li><li>\u00fcber 40 Jahre Chorleiter aus Leidenschaft bei M\u00e4nner-, Frauen-, Gemischt- und Projektch\u00f6ren<\/li><li>\u00a0Erfahrungen in nationalen und internationalen Chorwettbewerben<\/li><li>\u00a0viele Konzertreisen ins In- und Ausland<\/li><li>\u00a0Vorsitzender des Musikausschusses des \u201eBergischen Chorfestes\u201c<\/li><\/ul>\t\t\t\t\t\t\t\t<\/div>\n\t\t\t\t<\/div>\n\t\t\t\t\t<\/div>\n\t\t<\/div>\n\t\t\t\t\t<\/div>\n\t\t<\/section>\n\t\t\t\t<section class=\"elementor-section elementor-top-section elementor-element elementor-element-775ef2d elementor-section-boxed elementor-section-height-default elementor-section-height-default\" data-id=\"775ef2d\" data-element_type=\"section\" data-e-type=\"section\" data-settings=\"{&quot;background_background&quot;:&quot;classic&quot;}\">\n\t\t\t\t\t\t<div class=\"elementor-container elementor-column-gap-default\">\n\t\t\t\t\t<div class=\"aux-parallax-section elementor-column elementor-col-100 elementor-top-column elementor-element elementor-element-386af50\" data-id=\"386af50\" data-element_type=\"column\" data-e-type=\"column\">\n\t\t\t<div class=\"elementor-widget-wrap elementor-element-populated\">\n\t\t\t\t\t\t<div class=\"elementor-element elementor-element-3b71d66 elementor-widget elementor-widget-gallery\" data-id=\"3b71d66\" data-element_type=\"widget\" data-e-type=\"widget\" data-settings=\"{&quot;columns&quot;:2,&quot;aspect_ratio&quot;:&quot;16:9&quot;,&quot;lazyload&quot;:&quot;yes&quot;,&quot;gallery_layout&quot;:&quot;grid&quot;,&quot;columns_tablet&quot;:2,&quot;columns_mobile&quot;:1,&quot;gap&quot;:{&quot;unit&quot;:&quot;px&quot;,&quot;size&quot;:10,&quot;sizes&quot;:[]},&quot;gap_tablet&quot;:{&quot;unit&quot;:&quot;px&quot;,&quot;size&quot;:10,&quot;sizes&quot;:[]},&quot;gap_mobile&quot;:{&quot;unit&quot;:&quot;px&quot;,&quot;size&quot;:10,&quot;sizes&quot;:[]},&quot;overlay_background&quot;:&quot;yes&quot;,&quot;content_hover_animation&quot;:&quot;fade-in&quot;}\" data-widget_type=\"gallery.default\">\n\t\t\t\t<div class=\"elementor-widget-container\">\n\t\t\t\t\t\t\t<div class=\"elementor-gallery__container\">\n\t\t\t\t\t\t\t<div class=\"e-gallery-item elementor-gallery-item elementor-animated-content\">\n\t\t\t\t\t<div class=\"e-gallery-image elementor-gallery-item__image\" data-thumbnail=\"https:\/\/www.frauenchor-dacapo.de\/neu\/wp-content\/uploads\/2023\/04\/7-1.jpg\" data-width=\"\" data-height=\"\" aria-label=\"\" role=\"img\" ><\/div>\n\t\t\t\t\t\t\t\t\t\t\t<div class=\"elementor-gallery-item__overlay\"><\/div>\n\t\t\t\t\t\t\t\t\t\t\t\t\t\t<\/div>\n\t\t\t\t\t\t\t<div class=\"e-gallery-item elementor-gallery-item elementor-animated-content\">\n\t\t\t\t\t<div class=\"e-gallery-image elementor-gallery-item__image\" data-thumbnail=\"https:\/\/www.frauenchor-dacapo.de\/neu\/wp-content\/uploads\/2023\/04\/5-1.jpg\" data-width=\"\" data-height=\"\" aria-label=\"\" role=\"img\" ><\/div>\n\t\t\t\t\t\t\t\t\t\t\t<div class=\"elementor-gallery-item__overlay\"><\/div>\n\t\t\t\t\t\t\t\t\t\t\t\t\t\t<\/div>\n\t\t\t\t\t\t\t<div class=\"e-gallery-item elementor-gallery-item elementor-animated-content\">\n\t\t\t\t\t<div class=\"e-gallery-image elementor-gallery-item__image\" data-thumbnail=\"https:\/\/www.frauenchor-dacapo.de\/neu\/wp-content\/uploads\/2023\/04\/1.jpg\" data-width=\"\" data-height=\"\" aria-label=\"\" role=\"img\" ><\/div>\n\t\t\t\t\t\t\t\t\t\t\t<div class=\"elementor-gallery-item__overlay\"><\/div>\n\t\t\t\t\t\t\t\t\t\t\t\t\t\t<\/div>\n\t\t\t\t\t\t\t<div class=\"e-gallery-item elementor-gallery-item elementor-animated-content\">\n\t\t\t\t\t<div class=\"e-gallery-image elementor-gallery-item__image\" data-thumbnail=\"https:\/\/www.frauenchor-dacapo.de\/neu\/wp-content\/uploads\/2023\/04\/24-1-e1681038750119.jpg\" data-width=\"\" data-height=\"\" aria-label=\"\" role=\"img\" ><\/div>\n\t\t\t\t\t\t\t\t\t\t\t<div class=\"elementor-gallery-item__overlay\"><\/div>\n\t\t\t\t\t\t\t\t\t\t\t\t\t\t<\/div>\n\t\t\t\t\t<\/div>\n\t\t\t\t\t<\/div>\n\t\t\t\t<\/div>\n\t\t\t\t\t<\/div>\n\t\t<\/div>\n\t\t\t\t\t<\/div>\n\t\t<\/section>\n\t\t\t\t<\/div>\n\t\t","protected":false},"excerpt":{"rendered":"<p>Chorleiter Hans-J\u00fcrgen Fleischer (FDC) Hans-J\u00fcrgen Fleischer Dorfstr. 22, 42897 Remscheid\u00a0\u00a0\u00a0\u00a0 Tel: 02191 \/ 66 52 42 geboren in den 40ern in Wilhelmshaven Studium der Schulmusik f\u00fcr Gymnasien an der Hochschule f\u00fcr Musik in K\u00f6ln mit den Schwerpunkten Klavier, Gesang, Chor- und Orchesterdirigat \u00fcber 40 Jahre Chorleiter aus Leidenschaft bei M\u00e4nner-, Frauen-, Gemischt- und Projektch\u00f6ren \u00a0Erfahrungen [&hellip;]<\/p>\n","protected":false},"author":3,"featured_media":0,"parent":0,"menu_order":0,"comment_status":"closed","ping_status":"closed","template":"","meta":{"footnotes":""},"class_list":["post-3385","page","type-page","status-publish","hentry"],"yoast_head":"<!-- This site is optimized with the Yoast SEO plugin v27.4 - https:\/\/yoast.com\/product\/yoast-seo-wordpress\/ -->\n<title>Chorleiter - Frauenchor DaCapo e.V.<\/title>\n<meta name=\"description\" content=\"Hans-J\u00fcrgen Fleischer, Dorfstr. 22, 42897 Remscheid, \u00fcber 40 Jahre Chorleiter aus Leidenschaft bei M\u00e4nner-, Frauen-, Gemischt- und Projekt-Ch\u00f6ren, Erfahrungen in nationalen und internationalen Chorwettbewerben\" \/>\n<meta name=\"robots\" content=\"index, follow, max-snippet:-1, max-image-preview:large, max-video-preview:-1\" \/>\n<link rel=\"canonical\" href=\"https:\/\/www.frauenchor-dacapo.de\/neu\/chorleiter\/\" \/>\n<meta property=\"og:locale\" content=\"de_DE\" \/>\n<meta property=\"og:type\" content=\"article\" \/>\n<meta property=\"og:title\" content=\"Chorleiter - Frauenchor DaCapo e.V.\" \/>\n<meta property=\"og:description\" content=\"Hans-J\u00fcrgen Fleischer, Dorfstr. 22, 42897 Remscheid, \u00fcber 40 Jahre Chorleiter aus Leidenschaft bei M\u00e4nner-, Frauen-, Gemischt- und Projekt-Ch\u00f6ren, Erfahrungen in nationalen und internationalen Chorwettbewerben\" \/>\n<meta property=\"og:url\" content=\"https:\/\/www.frauenchor-dacapo.de\/neu\/chorleiter\/\" \/>\n<meta property=\"og:site_name\" content=\"Frauenchor DaCapo e.V.\" \/>\n<meta property=\"article:modified_time\" content=\"2025-12-04T07:35:17+00:00\" \/>\n<meta property=\"og:image\" content=\"https:\/\/www.frauenchor-dacapo.de\/neu\/wp-content\/uploads\/2022\/12\/Bild1-e1670617542225.png\" \/>\n<meta name=\"twitter:card\" content=\"summary_large_image\" \/>\n<meta name=\"twitter:label1\" content=\"Gesch\u00e4tzte Lesezeit\" \/>\n\t<meta name=\"twitter:data1\" content=\"1\u00a0Minute\" \/>\n<script type=\"application\/ld+json\" class=\"yoast-schema-graph\">{\"@context\":\"https:\\\/\\\/schema.org\",\"@graph\":[{\"@type\":\"WebPage\",\"@id\":\"https:\\\/\\\/www.frauenchor-dacapo.de\\\/neu\\\/chorleiter\\\/\",\"url\":\"https:\\\/\\\/www.frauenchor-dacapo.de\\\/neu\\\/chorleiter\\\/\",\"name\":\"Chorleiter - Frauenchor DaCapo e.V.\",\"isPartOf\":{\"@id\":\"https:\\\/\\\/www.frauenchor-dacapo.de\\\/neu\\\/#website\"},\"primaryImageOfPage\":{\"@id\":\"https:\\\/\\\/www.frauenchor-dacapo.de\\\/neu\\\/chorleiter\\\/#primaryimage\"},\"image\":{\"@id\":\"https:\\\/\\\/www.frauenchor-dacapo.de\\\/neu\\\/chorleiter\\\/#primaryimage\"},\"thumbnailUrl\":\"https:\\\/\\\/www.frauenchor-dacapo.de\\\/neu\\\/wp-content\\\/uploads\\\/2022\\\/12\\\/Bild1-e1670617542225.png\",\"datePublished\":\"2023-04-10T13:03:57+00:00\",\"dateModified\":\"2025-12-04T07:35:17+00:00\",\"description\":\"Hans-J\u00fcrgen Fleischer, Dorfstr. 22, 42897 Remscheid, \u00fcber 40 Jahre Chorleiter aus Leidenschaft bei M\u00e4nner-, Frauen-, Gemischt- und Projekt-Ch\u00f6ren, Erfahrungen in nationalen und internationalen Chorwettbewerben\",\"breadcrumb\":{\"@id\":\"https:\\\/\\\/www.frauenchor-dacapo.de\\\/neu\\\/chorleiter\\\/#breadcrumb\"},\"inLanguage\":\"de\",\"potentialAction\":[{\"@type\":\"ReadAction\",\"target\":[\"https:\\\/\\\/www.frauenchor-dacapo.de\\\/neu\\\/chorleiter\\\/\"]}]},{\"@type\":\"ImageObject\",\"inLanguage\":\"de\",\"@id\":\"https:\\\/\\\/www.frauenchor-dacapo.de\\\/neu\\\/chorleiter\\\/#primaryimage\",\"url\":\"https:\\\/\\\/www.frauenchor-dacapo.de\\\/neu\\\/wp-content\\\/uploads\\\/2022\\\/12\\\/Bild1-e1670617542225.png\",\"contentUrl\":\"https:\\\/\\\/www.frauenchor-dacapo.de\\\/neu\\\/wp-content\\\/uploads\\\/2022\\\/12\\\/Bild1-e1670617542225.png\",\"width\":1000,\"height\":372},{\"@type\":\"BreadcrumbList\",\"@id\":\"https:\\\/\\\/www.frauenchor-dacapo.de\\\/neu\\\/chorleiter\\\/#breadcrumb\",\"itemListElement\":[{\"@type\":\"ListItem\",\"position\":1,\"name\":\"Startseite\",\"item\":\"https:\\\/\\\/www.frauenchor-dacapo.de\\\/neu\\\/\"},{\"@type\":\"ListItem\",\"position\":2,\"name\":\"Chorleiter\"}]},{\"@type\":\"WebSite\",\"@id\":\"https:\\\/\\\/www.frauenchor-dacapo.de\\\/neu\\\/#website\",\"url\":\"https:\\\/\\\/www.frauenchor-dacapo.de\\\/neu\\\/\",\"name\":\"Frauenchor DaCapo e.V.\",\"description\":\"Frauenchor DaCapo e.V.\",\"publisher\":{\"@id\":\"https:\\\/\\\/www.frauenchor-dacapo.de\\\/neu\\\/#organization\"},\"potentialAction\":[{\"@type\":\"SearchAction\",\"target\":{\"@type\":\"EntryPoint\",\"urlTemplate\":\"https:\\\/\\\/www.frauenchor-dacapo.de\\\/neu\\\/?s={search_term_string}\"},\"query-input\":{\"@type\":\"PropertyValueSpecification\",\"valueRequired\":true,\"valueName\":\"search_term_string\"}}],\"inLanguage\":\"de\"},{\"@type\":\"Organization\",\"@id\":\"https:\\\/\\\/www.frauenchor-dacapo.de\\\/neu\\\/#organization\",\"name\":\"Frauenchor DaCapo e.V.\",\"url\":\"https:\\\/\\\/www.frauenchor-dacapo.de\\\/neu\\\/\",\"logo\":{\"@type\":\"ImageObject\",\"inLanguage\":\"de\",\"@id\":\"https:\\\/\\\/www.frauenchor-dacapo.de\\\/neu\\\/#\\\/schema\\\/logo\\\/image\\\/\",\"url\":\"https:\\\/\\\/www.frauenchor-dacapo.de\\\/neu\\\/wp-content\\\/uploads\\\/2020\\\/07\\\/Logo-1.png\",\"contentUrl\":\"https:\\\/\\\/www.frauenchor-dacapo.de\\\/neu\\\/wp-content\\\/uploads\\\/2020\\\/07\\\/Logo-1.png\",\"width\":350,\"height\":100,\"caption\":\"Frauenchor DaCapo e.V.\"},\"image\":{\"@id\":\"https:\\\/\\\/www.frauenchor-dacapo.de\\\/neu\\\/#\\\/schema\\\/logo\\\/image\\\/\"}}]}<\/script>\n<!-- \/ Yoast SEO plugin. -->","yoast_head_json":{"title":"Chorleiter - Frauenchor DaCapo e.V.","description":"Hans-J\u00fcrgen Fleischer, Dorfstr. 22, 42897 Remscheid, \u00fcber 40 Jahre Chorleiter aus Leidenschaft bei M\u00e4nner-, Frauen-, Gemischt- und Projekt-Ch\u00f6ren, Erfahrungen in nationalen und internationalen Chorwettbewerben","robots":{"index":"index","follow":"follow","max-snippet":"max-snippet:-1","max-image-preview":"max-image-preview:large","max-video-preview":"max-video-preview:-1"},"canonical":"https:\/\/www.frauenchor-dacapo.de\/neu\/chorleiter\/","og_locale":"de_DE","og_type":"article","og_title":"Chorleiter - Frauenchor DaCapo e.V.","og_description":"Hans-J\u00fcrgen Fleischer, Dorfstr. 22, 42897 Remscheid, \u00fcber 40 Jahre Chorleiter aus Leidenschaft bei M\u00e4nner-, Frauen-, Gemischt- und Projekt-Ch\u00f6ren, Erfahrungen in nationalen und internationalen Chorwettbewerben","og_url":"https:\/\/www.frauenchor-dacapo.de\/neu\/chorleiter\/","og_site_name":"Frauenchor DaCapo e.V.","article_modified_time":"2025-12-04T07:35:17+00:00","og_image":[{"url":"https:\/\/www.frauenchor-dacapo.de\/neu\/wp-content\/uploads\/2022\/12\/Bild1-e1670617542225.png","type":"","width":"","height":""}],"twitter_card":"summary_large_image","twitter_misc":{"Gesch\u00e4tzte Lesezeit":"1\u00a0Minute"},"schema":{"@context":"https:\/\/schema.org","@graph":[{"@type":"WebPage","@id":"https:\/\/www.frauenchor-dacapo.de\/neu\/chorleiter\/","url":"https:\/\/www.frauenchor-dacapo.de\/neu\/chorleiter\/","name":"Chorleiter - Frauenchor DaCapo e.V.","isPartOf":{"@id":"https:\/\/www.frauenchor-dacapo.de\/neu\/#website"},"primaryImageOfPage":{"@id":"https:\/\/www.frauenchor-dacapo.de\/neu\/chorleiter\/#primaryimage"},"image":{"@id":"https:\/\/www.frauenchor-dacapo.de\/neu\/chorleiter\/#primaryimage"},"thumbnailUrl":"https:\/\/www.frauenchor-dacapo.de\/neu\/wp-content\/uploads\/2022\/12\/Bild1-e1670617542225.png","datePublished":"2023-04-10T13:03:57+00:00","dateModified":"2025-12-04T07:35:17+00:00","description":"Hans-J\u00fcrgen Fleischer, Dorfstr. 22, 42897 Remscheid, \u00fcber 40 Jahre Chorleiter aus Leidenschaft bei M\u00e4nner-, Frauen-, Gemischt- und Projekt-Ch\u00f6ren, Erfahrungen in nationalen und internationalen Chorwettbewerben","breadcrumb":{"@id":"https:\/\/www.frauenchor-dacapo.de\/neu\/chorleiter\/#breadcrumb"},"inLanguage":"de","potentialAction":[{"@type":"ReadAction","target":["https:\/\/www.frauenchor-dacapo.de\/neu\/chorleiter\/"]}]},{"@type":"ImageObject","inLanguage":"de","@id":"https:\/\/www.frauenchor-dacapo.de\/neu\/chorleiter\/#primaryimage","url":"https:\/\/www.frauenchor-dacapo.de\/neu\/wp-content\/uploads\/2022\/12\/Bild1-e1670617542225.png","contentUrl":"https:\/\/www.frauenchor-dacapo.de\/neu\/wp-content\/uploads\/2022\/12\/Bild1-e1670617542225.png","width":1000,"height":372},{"@type":"BreadcrumbList","@id":"https:\/\/www.frauenchor-dacapo.de\/neu\/chorleiter\/#breadcrumb","itemListElement":[{"@type":"ListItem","position":1,"name":"Startseite","item":"https:\/\/www.frauenchor-dacapo.de\/neu\/"},{"@type":"ListItem","position":2,"name":"Chorleiter"}]},{"@type":"WebSite","@id":"https:\/\/www.frauenchor-dacapo.de\/neu\/#website","url":"https:\/\/www.frauenchor-dacapo.de\/neu\/","name":"Frauenchor DaCapo e.V.","description":"Frauenchor DaCapo e.V.","publisher":{"@id":"https:\/\/www.frauenchor-dacapo.de\/neu\/#organization"},"potentialAction":[{"@type":"SearchAction","target":{"@type":"EntryPoint","urlTemplate":"https:\/\/www.frauenchor-dacapo.de\/neu\/?s={search_term_string}"},"query-input":{"@type":"PropertyValueSpecification","valueRequired":true,"valueName":"search_term_string"}}],"inLanguage":"de"},{"@type":"Organization","@id":"https:\/\/www.frauenchor-dacapo.de\/neu\/#organization","name":"Frauenchor DaCapo e.V.","url":"https:\/\/www.frauenchor-dacapo.de\/neu\/","logo":{"@type":"ImageObject","inLanguage":"de","@id":"https:\/\/www.frauenchor-dacapo.de\/neu\/#\/schema\/logo\/image\/","url":"https:\/\/www.frauenchor-dacapo.de\/neu\/wp-content\/uploads\/2020\/07\/Logo-1.png","contentUrl":"https:\/\/www.frauenchor-dacapo.de\/neu\/wp-content\/uploads\/2020\/07\/Logo-1.png","width":350,"height":100,"caption":"Frauenchor DaCapo e.V."},"image":{"@id":"https:\/\/www.frauenchor-dacapo.de\/neu\/#\/schema\/logo\/image\/"}}]}},"_links":{"self":[{"href":"https:\/\/www.frauenchor-dacapo.de\/neu\/wp-json\/wp\/v2\/pages\/3385","targetHints":{"allow":["GET"]}}],"collection":[{"href":"https:\/\/www.frauenchor-dacapo.de\/neu\/wp-json\/wp\/v2\/pages"}],"about":[{"href":"https:\/\/www.frauenchor-dacapo.de\/neu\/wp-json\/wp\/v2\/types\/page"}],"author":[{"embeddable":true,"href":"https:\/\/www.frauenchor-dacapo.de\/neu\/wp-json\/wp\/v2\/users\/3"}],"replies":[{"embeddable":true,"href":"https:\/\/www.frauenchor-dacapo.de\/neu\/wp-json\/wp\/v2\/comments?post=3385"}],"version-history":[{"count":30,"href":"https:\/\/www.frauenchor-dacapo.de\/neu\/wp-json\/wp\/v2\/pages\/3385\/revisions"}],"predecessor-version":[{"id":5167,"href":"https:\/\/www.frauenchor-dacapo.de\/neu\/wp-json\/wp\/v2\/pages\/3385\/revisions\/5167"}],"wp:attachment":[{"href":"https:\/\/www.frauenchor-dacapo.de\/neu\/wp-json\/wp\/v2\/media?parent=3385"}],"curies":[{"name":"wp","href":"https:\/\/api.w.org\/{rel}","templated":true}]}}