{"id":262,"date":"2022-11-24T06:15:39","date_gmt":"2022-11-24T05:15:39","guid":{"rendered":"https:\/\/www.frauenchor-dacapo.de\/neu\/?page_id=262"},"modified":"2025-12-04T08:54:43","modified_gmt":"2025-12-04T07:54:43","slug":"impressum","status":"publish","type":"page","link":"https:\/\/www.frauenchor-dacapo.de\/neu\/impressum\/","title":{"rendered":"Impressum"},"content":{"rendered":"\t\t<div data-elementor-type=\"wp-page\" data-elementor-id=\"262\" class=\"elementor elementor-262\" data-elementor-post-type=\"page\">\n\t\t\t\t\t\t<section class=\"elementor-section elementor-top-section elementor-element elementor-element-7fa9733a elementor-section-boxed elementor-section-height-default elementor-section-height-default\" data-id=\"7fa9733a\" data-element_type=\"section\" data-e-type=\"section\" data-settings=\"{&quot;background_background&quot;:&quot;classic&quot;}\">\n\t\t\t\t\t\t\t<div class=\"elementor-background-overlay\"><\/div>\n\t\t\t\t\t\t\t<div class=\"elementor-container elementor-column-gap-no\">\n\t\t\t\t\t<div class=\"aux-parallax-section elementor-column elementor-col-100 elementor-top-column elementor-element elementor-element-6f4158a9\" data-id=\"6f4158a9\" data-element_type=\"column\" data-e-type=\"column\">\n\t\t\t<div class=\"elementor-widget-wrap elementor-element-populated\">\n\t\t\t\t\t\t<div class=\"aux-scroll-anim elementor-element elementor-element-5404b183 elementor-widget__width-auto aux-appear-watch-animation aux-fade-in-up-2 elementor-widget elementor-widget-heading\" data-move-in=\"\" data-move-out=\"moveHorizontal\" data-axis-x=\"-30\" data-axis-y=\"200\" data-rotate=\"90\" data-scale=\"1\" data-vp-top=\"0.5\" data-vp-bot=\"0.5\" data-el-top=\"0.2\" data-scroll-animation-off=\"1024\" data-id=\"5404b183\" data-element_type=\"widget\" data-e-type=\"widget\" data-widget_type=\"heading.default\">\n\t\t\t\t<div class=\"elementor-widget-container\">\n\t\t\t\t\t<h1 class=\"elementor-heading-title elementor-size-small\">Impressum<\/h1>\t\t\t\t<\/div>\n\t\t\t\t<\/div>\n\t\t\t\t<section class=\"elementor-section elementor-inner-section elementor-element elementor-element-2e2e4fb7 elementor-section-height-min-height elementor-section-full_width elementor-section-height-default\" data-id=\"2e2e4fb7\" data-element_type=\"section\" data-e-type=\"section\" data-settings=\"{&quot;background_background&quot;:&quot;slideshow&quot;,&quot;background_slideshow_gallery&quot;:[{&quot;id&quot;:3297,&quot;url&quot;:&quot;https:\\\/\\\/www.frauenchor-dacapo.de\\\/neu\\\/wp-content\\\/uploads\\\/2023\\\/04\\\/64-Chor13-scaled-e1681040553405.jpg&quot;},{&quot;id&quot;:3601,&quot;url&quot;:&quot;https:\\\/\\\/www.frauenchor-dacapo.de\\\/neu\\\/wp-content\\\/uploads\\\/2023\\\/05\\\/12-e1685222414113.jpg&quot;},{&quot;id&quot;:3599,&quot;url&quot;:&quot;https:\\\/\\\/www.frauenchor-dacapo.de\\\/neu\\\/wp-content\\\/uploads\\\/2023\\\/05\\\/32-e1685222465565.jpg&quot;},{&quot;id&quot;:1417,&quot;url&quot;:&quot;https:\\\/\\\/www.frauenchor-dacapo.de\\\/neu\\\/wp-content\\\/uploads\\\/2022\\\/09\\\/044-scaled-e1670324239160.jpg&quot;}],&quot;background_slideshow_slide_duration&quot;:5000,&quot;background_slideshow_slide_transition&quot;:&quot;fade&quot;,&quot;background_slideshow_transition_duration&quot;:500}\">\n\t\t\t\t\t\t<div class=\"elementor-container elementor-column-gap-no\">\n\t\t\t\t\t<div class=\"aux-parallax-section elementor-column elementor-col-100 elementor-inner-column elementor-element elementor-element-7d2a2c30\" data-id=\"7d2a2c30\" data-element_type=\"column\" data-e-type=\"column\">\n\t\t\t<div class=\"elementor-widget-wrap\">\n\t\t\t\t\t\t\t<\/div>\n\t\t<\/div>\n\t\t\t\t\t<\/div>\n\t\t<\/section>\n\t\t\t\t\t<\/div>\n\t\t<\/div>\n\t\t\t\t\t<\/div>\n\t\t<\/section>\n\t\t\t\t<section class=\"elementor-section elementor-inner-section elementor-element elementor-element-260f81c5 elementor-section-full_width elementor-section-content-top elementor-section-height-default elementor-section-height-default\" data-id=\"260f81c5\" data-element_type=\"section\" data-e-type=\"section\" data-settings=\"{&quot;background_background&quot;:&quot;gradient&quot;}\">\n\t\t\t\t\t\t<div class=\"elementor-container elementor-column-gap-no\">\n\t\t\t\t\t<div class=\"aux-parallax-section elementor-column elementor-col-50 elementor-inner-column elementor-element elementor-element-30795214\" data-id=\"30795214\" data-element_type=\"column\" data-e-type=\"column\" data-settings=\"{&quot;background_background&quot;:&quot;classic&quot;}\">\n\t\t\t<div class=\"elementor-widget-wrap elementor-element-populated\">\n\t\t\t\t\t\t<div class=\"elementor-element elementor-element-3f5a444d aux-appear-watch-animation aux-scale-down elementor-widget elementor-widget-aux_modern_heading\" data-id=\"3f5a444d\" data-element_type=\"widget\" data-e-type=\"widget\" data-widget_type=\"aux_modern_heading.default\">\n\t\t\t\t<div class=\"elementor-widget-container\">\n\t\t\t\t\t<section class=\"aux-widget-modern-heading\">\n            <div class=\"aux-widget-inner\"><h2 class=\"aux-modern-heading-primary\">Informationen<\/h2><\/div>\n        <\/section>\t\t\t\t<\/div>\n\t\t\t\t<\/div>\n\t\t\t\t\t<\/div>\n\t\t<\/div>\n\t\t\t\t<div class=\"aux-parallax-section elementor-column elementor-col-50 elementor-inner-column elementor-element elementor-element-5dfdfb27\" data-id=\"5dfdfb27\" data-element_type=\"column\" data-e-type=\"column\" data-settings=\"{&quot;background_background&quot;:&quot;classic&quot;}\">\n\t\t\t<div class=\"elementor-widget-wrap elementor-element-populated\">\n\t\t\t\t\t\t<div class=\"elementor-element elementor-element-401c4940 elementor-widget elementor-widget-image\" data-id=\"401c4940\" data-element_type=\"widget\" data-e-type=\"widget\" data-widget_type=\"image.default\">\n\t\t\t\t<div class=\"elementor-widget-container\">\n\t\t\t\t\t\t\t\t\t\t\t\t\t\t\t<img fetchpriority=\"high\" decoding=\"async\" width=\"1000\" height=\"372\" src=\"https:\/\/www.frauenchor-dacapo.de\/neu\/wp-content\/uploads\/2022\/12\/Bild1-e1670617542225.png\" class=\"attachment-full size-full wp-image-2520\" alt=\"\" \/>\t\t\t\t\t\t\t\t\t\t\t\t\t\t\t<\/div>\n\t\t\t\t<\/div>\n\t\t\t\t\t<\/div>\n\t\t<\/div>\n\t\t\t\t\t<\/div>\n\t\t<\/section>\n\t\t\t\t<section class=\"elementor-section elementor-top-section elementor-element elementor-element-441a381 elementor-section-boxed elementor-section-height-default elementor-section-height-default\" data-id=\"441a381\" data-element_type=\"section\" data-e-type=\"section\" data-settings=\"{&quot;background_background&quot;:&quot;classic&quot;}\">\n\t\t\t\t\t\t<div class=\"elementor-container elementor-column-gap-default\">\n\t\t\t\t\t<div class=\"aux-parallax-section elementor-column elementor-col-100 elementor-top-column elementor-element elementor-element-c1777ee\" data-id=\"c1777ee\" data-element_type=\"column\" data-e-type=\"column\">\n\t\t\t<div class=\"elementor-widget-wrap elementor-element-populated\">\n\t\t\t\t\t\t<section class=\"elementor-section elementor-inner-section elementor-element elementor-element-afa8d7c elementor-section-boxed elementor-section-height-default elementor-section-height-default\" data-id=\"afa8d7c\" data-element_type=\"section\" data-e-type=\"section\">\n\t\t\t\t\t\t<div class=\"elementor-container elementor-column-gap-default\">\n\t\t\t\t\t<div class=\"aux-parallax-section elementor-column elementor-col-50 elementor-inner-column elementor-element elementor-element-10e0afa\" data-id=\"10e0afa\" data-element_type=\"column\" data-e-type=\"column\">\n\t\t\t<div class=\"elementor-widget-wrap elementor-element-populated\">\n\t\t\t\t\t\t<div class=\"elementor-element elementor-element-0b6760a elementor-widget elementor-widget-text-editor\" data-id=\"0b6760a\" data-element_type=\"widget\" data-e-type=\"widget\" data-widget_type=\"text-editor.default\">\n\t\t\t\t<div class=\"elementor-widget-container\">\n\t\t\t\t\t\t\t\t\t<p><strong>Frauenchor DaCapo e.V. <\/strong><\/p><p><strong>Probenort:<\/strong> AZ &#8222;wuppertaler Hof&#8220;, Hans-Dietrich-Genscher-Platz 5, 42283 Wuppertal<\/p><p><strong>Vertreten durch:\u00a0 <\/strong>Iris M\u00fcller und Cordula Deisler\u00a0 \u00a0\u00a0<\/p><p><strong>E-Mail: <\/strong>iris.mueller@frauenchor-dacapo.de<br \/><strong>Telefon:<\/strong> 0202\/7168740<\/p><p><strong>Registereintrag:<\/strong><\/p><p>Eingetragen im Vereinsregister.<\/p><p><strong>Registergericht:<\/strong>\u00a0 Wuppertal<\/p><p><strong>Registernummer:\u00a0 <\/strong>VR 30891<\/p><p>Verantwortlich f\u00fcr den Inhalt (gem. \u00a7 55 Abs. 2 RStV): <br \/>Iris M\u00fcller, Catrin Beckhoff, Ramona Reithmeier<\/p><p><strong>Bildmaterial:<\/strong><\/p><p>\u00a9Isabel Nosbers &#8211; Photography &amp; Design<\/p><p>\u00a9Klaus-G\u00fcnther Conrads<\/p><p>\u00a9Iris M\u00fcller<\/p><p><strong>Datenschutz<\/strong><\/p><p>Pers\u00f6nliche Daten werden ausschlie\u00dflich im Falle einer Anfrage erfragt, gespeichert und f\u00fcr die entsprechende Angebots- oder Auftragsabwicklung verwendet. Grundlage hierf\u00fcr sind die einschl\u00e4gigen Datenschutzbestimmungen des Bundesdatenschutzgesetzes <strong>(BDSG)<\/strong> und des Teledienstedatenschutzgesetzes <strong>(TDG).<\/strong> Eine Weitergabe der Daten an unbeteiligte Dritte erfolgt nicht.<\/p><p><strong>EU-Streitschlichtung<\/strong><\/p><p>Die Europ\u00e4ische Kommission stellt eine Plattform zur Online-Streitbeilegung (OS) bereit:\u00a0<a href=\"https:\/\/ec.europa.eu\/consumers\/odr\" target=\"_blank\" rel=\"noopener noreferrer\">https:\/\/ec.europa.eu\/consumers\/odr<\/a>.<br \/>Unsere E-Mail-Adresse finden Sie oben im Impressum.<\/p><p><strong>Verbraucher\u00adstreit\u00adbeilegung\/Universal\u00adschlichtungs\u00adstelle<\/strong><\/p><p>Wir sind nicht bereit oder verpflichtet, an Streitbeilegungsverfahren vor einer Verbraucherschlichtungsstelle teilzunehmen.<\/p>\t\t\t\t\t\t\t\t<\/div>\n\t\t\t\t<\/div>\n\t\t\t\t\t<\/div>\n\t\t<\/div>\n\t\t\t\t<div class=\"aux-parallax-section elementor-column elementor-col-50 elementor-inner-column elementor-element elementor-element-278ca0d\" data-id=\"278ca0d\" data-element_type=\"column\" data-e-type=\"column\">\n\t\t\t<div class=\"elementor-widget-wrap elementor-element-populated\">\n\t\t\t\t\t\t<div class=\"elementor-element elementor-element-b8e6e37 elementor-widget elementor-widget-text-editor\" data-id=\"b8e6e37\" data-element_type=\"widget\" data-e-type=\"widget\" data-widget_type=\"text-editor.default\">\n\t\t\t\t<div class=\"elementor-widget-container\">\n\t\t\t\t\t\t\t\t\t<p><strong>Disclaimer \u2013 rechtliche Hinweise<\/strong><\/p><ul><li><u> 1 Warnhinweis zu Inhalten<\/u><\/li><\/ul><p>Die kostenlosen und frei zug\u00e4nglichen Inhalte dieser Webseite wurden mit gr\u00f6\u00dftm\u00f6glicher Sorgfalt erstellt. Der Anbieter dieser Webseite \u00fcbernimmt jedoch keine Gew\u00e4hr f\u00fcr die Richtigkeit und Aktualit\u00e4t der bereitgestellten kostenlosen und frei zug\u00e4nglichen journalistischen Ratgeber und Nachrichten. Namentlich gekennzeichnete Beitr\u00e4ge geben die Meinung des jeweiligen Autors und nicht immer die Meinung des Anbieters wieder. Allein durch den Aufruf der kostenlosen und frei zug\u00e4nglichen Inhalte kommt keinerlei Vertragsverh\u00e4ltnis zwischen dem Nutzer und dem Anbieter zustande, insoweit fehlt es am Rechtsbindungswillen des Anbieters.<\/p><p>\u00a0<\/p><ul><li><u> 2 Externe Links<\/u><\/li><\/ul><p>Diese Website enth\u00e4lt Verkn\u00fcpfungen zu Websites Dritter (&#8222;externe Links&#8220;). Diese Websites unterliegen der Haftung der jeweiligen Betreiber. Der Anbieter hat bei der erstmaligen Verkn\u00fcpfung der externen Links die fremden Inhalte daraufhin \u00fcberpr\u00fcft, ob etwaige Rechtsverst\u00f6\u00dfe bestehen. Zu dem Zeitpunkt waren keine Rechtsverst\u00f6\u00dfe ersichtlich. Der Anbieter hat keinerlei Einfluss auf die aktuelle und zuk\u00fcnftige Gestaltung und auf die Inhalte der verkn\u00fcpften Seiten. Das Setzen von externen Links bedeutet nicht, dass sich der Anbieter die hinter dem Verweis oder Link liegenden Inhalte zu Eigen macht. Eine st\u00e4ndige Kontrolle der externen Links ist f\u00fcr den Anbieter ohne konkrete Hinweise auf Rechtsverst\u00f6\u00dfe nicht zumutbar. Bei Kenntnis von Rechtsverst\u00f6\u00dfen werden jedoch derartige externe Links unverz\u00fcglich gel\u00f6scht.<\/p><p>\u00a0<\/p><ul><li><u> 3 Urheber- und Leistungsschutzrechte<\/u><\/li><\/ul><p>Die auf dieser Website ver\u00f6ffentlichten Inhalte unterliegen dem deutschen Urheber- und Leistungsschutzrecht. <br \/><strong>Copyright <\/strong>\u00a9 Frauenchor DaCapo e.V. \u2013 alle Rechte vorbehalten. (alle Texte, Bilder, Webdesign und Grafiken)<\/p><p>Jede vom deutschen Urheber- und Leistungsschutzrecht nicht zugelassene Verwertung bedarf der vorherigen schriftlichen Zustimmung des Anbieters oder jeweiligen Rechteinhabers. Dies gilt insbesondere f\u00fcr Vervielf\u00e4ltigung, Bearbeitung, \u00dcbersetzung, Einspeicherung, Verarbeitung bzw. Wiedergabe von Inhalten in Datenbanken oder anderen elektronischen Medien und Systemen. Inhalte und Rechte Dritter sind dabei als solche gekennzeichnet. Die unerlaubte Vervielf\u00e4ltigung oder Weitergabe einzelner Inhalte oder kompletter Seiten ist nicht gestattet und strafbar. Lediglich die Herstellung von Kopien und Downloads f\u00fcr den pers\u00f6nlichen, privaten und nicht kommerziellen Gebrauch ist erlaubt.<\/p><p>\u00a0<\/p><p>Die Darstellung dieser Website in fremden Frames ist nur mit schriftlicher Erlaubnis zul\u00e4ssig.<\/p><p>\u00a0<\/p><ul><li><u> 4 Besondere Nutzungsbedingungen<\/u><\/li><\/ul><p>Soweit besondere Bedingungen f\u00fcr einzelne Nutzungen dieser Website von den vorgenannten Paragraphen abweichen, wird an entsprechender Stelle ausdr\u00fccklich darauf hingewiesen. In diesem Falle gelten im jeweiligen Einzelfall die besonderen Nutzungsbedingungen.<\/p><p>Quelle: Impressum Vorlage von JuraForum.de<\/p>\t\t\t\t\t\t\t\t<\/div>\n\t\t\t\t<\/div>\n\t\t\t\t\t<\/div>\n\t\t<\/div>\n\t\t\t\t\t<\/div>\n\t\t<\/section>\n\t\t\t\t<div class=\"elementor-element elementor-element-565ae81 elementor-widget-divider--view-line elementor-widget elementor-widget-divider\" data-id=\"565ae81\" data-element_type=\"widget\" data-e-type=\"widget\" data-widget_type=\"divider.default\">\n\t\t\t\t<div class=\"elementor-widget-container\">\n\t\t\t\t\t\t\t<div class=\"elementor-divider\">\n\t\t\t<span class=\"elementor-divider-separator\">\n\t\t\t\t\t\t<\/span>\n\t\t<\/div>\n\t\t\t\t\t\t<\/div>\n\t\t\t\t<\/div>\n\t\t\t\t\t<\/div>\n\t\t<\/div>\n\t\t\t\t\t<\/div>\n\t\t<\/section>\n\t\t\t\t<section class=\"elementor-section elementor-top-section elementor-element elementor-element-67ccc87 elementor-section-boxed elementor-section-height-default elementor-section-height-default\" data-id=\"67ccc87\" data-element_type=\"section\" data-e-type=\"section\" data-settings=\"{&quot;background_background&quot;:&quot;classic&quot;}\">\n\t\t\t\t\t\t<div class=\"elementor-container elementor-column-gap-default\">\n\t\t\t\t\t<div class=\"aux-parallax-section elementor-column elementor-col-100 elementor-top-column elementor-element elementor-element-bd77e86\" data-id=\"bd77e86\" data-element_type=\"column\" data-e-type=\"column\">\n\t\t\t<div class=\"elementor-widget-wrap elementor-element-populated\">\n\t\t\t\t\t\t<div class=\"elementor-element elementor-element-0416177 elementor-widget elementor-widget-text-editor\" data-id=\"0416177\" data-element_type=\"widget\" data-e-type=\"widget\" data-widget_type=\"text-editor.default\">\n\t\t\t\t<div class=\"elementor-widget-container\">\n\t\t\t\t\t\t\t\t\t<p><a href=\"https:\/\/www.seo-kueche.de\/\">Webdesign und Online-Marketing<\/a>\u00a0von der SEO-K\u00fcche Internet Marketing GmbH &amp; Co. KG<\/p>\t\t\t\t\t\t\t\t<\/div>\n\t\t\t\t<\/div>\n\t\t\t\t<div class=\"elementor-element elementor-element-ab2a376 elementor-widget elementor-widget-image\" data-id=\"ab2a376\" data-element_type=\"widget\" data-e-type=\"widget\" data-widget_type=\"image.default\">\n\t\t\t\t<div class=\"elementor-widget-container\">\n\t\t\t\t\t\t\t\t\t\t\t\t\t\t\t\t<a href=\"https:\/\/seo-kueche.de\/\" target=\"_blank\">\n\t\t\t\t\t\t\t<img decoding=\"async\" width=\"600\" height=\"381\" src=\"https:\/\/www.frauenchor-dacapo.de\/neu\/wp-content\/uploads\/2024\/12\/600x600-logo-seo-kueche-grau-15cm.png\" class=\"attachment-full size-full wp-image-4517\" alt=\"Webdesign und Online-Marketing von der SEO-K\u00fcche Internet Marketing GmbH &amp; Co. KG\" srcset=\"https:\/\/www.frauenchor-dacapo.de\/neu\/wp-content\/uploads\/2024\/12\/600x600-logo-seo-kueche-grau-15cm.png 600w, https:\/\/www.frauenchor-dacapo.de\/neu\/wp-content\/uploads\/2024\/12\/600x600-logo-seo-kueche-grau-15cm-200x127.png 200w\" sizes=\"(max-width: 600px) 100vw, 600px\" \/>\t\t\t\t\t\t\t\t<\/a>\n\t\t\t\t\t\t\t\t\t\t\t\t\t\t\t<\/div>\n\t\t\t\t<\/div>\n\t\t\t\t\t<\/div>\n\t\t<\/div>\n\t\t\t\t\t<\/div>\n\t\t<\/section>\n\t\t\t\t<\/div>\n\t\t","protected":false},"excerpt":{"rendered":"<p>Impressum Informationen Frauenchor DaCapo e.V. Probenort: AZ &#8222;wuppertaler Hof&#8220;, Hans-Dietrich-Genscher-Platz 5, 42283 Wuppertal Vertreten durch:\u00a0 Iris M\u00fcller und Cordula Deisler E-Mail: iris.mueller@frauenchor-dacapo.de Telefon: 0202\/7168740 Registereintrag: Eingetragen im Vereinsregister. Registergericht:\u00a0 Wuppertal Registernummer:\u00a0 VR 30891 Verantwortlich f\u00fcr den Inhalt (gem. \u00a7 55 Abs. 2 RStV): Iris M\u00fcller, Catrin Beckhoff, Ramona Reithmeier Bildmaterial: \u00a9Isabel Nosbers &#8211; Photography &amp; [&hellip;]<\/p>\n","protected":false},"author":1,"featured_media":0,"parent":0,"menu_order":0,"comment_status":"closed","ping_status":"closed","template":"","meta":{"footnotes":""},"class_list":["post-262","page","type-page","status-publish","hentry"],"yoast_head":"<!-- This site is optimized with the Yoast SEO plugin v27.4 - https:\/\/yoast.com\/product\/yoast-seo-wordpress\/ -->\n<title>Impressum - Frauenchor DaCapo e.V.<\/title>\n<meta name=\"description\" content=\"In unserem Impressum finden Sie wichtige Hinweise zur Erstellung von dieser Homepage.\" \/>\n<meta name=\"robots\" content=\"index, follow, max-snippet:-1, max-image-preview:large, max-video-preview:-1\" \/>\n<link rel=\"canonical\" href=\"https:\/\/www.frauenchor-dacapo.de\/neu\/impressum\/\" \/>\n<meta property=\"og:locale\" content=\"de_DE\" \/>\n<meta property=\"og:type\" content=\"article\" \/>\n<meta property=\"og:title\" content=\"Impressum - Frauenchor DaCapo e.V.\" \/>\n<meta property=\"og:description\" content=\"In unserem Impressum finden Sie wichtige Hinweise zur Erstellung von dieser Homepage.\" \/>\n<meta property=\"og:url\" content=\"https:\/\/www.frauenchor-dacapo.de\/neu\/impressum\/\" \/>\n<meta property=\"og:site_name\" content=\"Frauenchor DaCapo e.V.\" \/>\n<meta property=\"article:modified_time\" content=\"2025-12-04T07:54:43+00:00\" \/>\n<meta property=\"og:image\" content=\"https:\/\/www.frauenchor-dacapo.de\/neu\/wp-content\/uploads\/2022\/12\/Bild1-e1670617542225.png\" \/>\n<meta name=\"twitter:card\" content=\"summary_large_image\" \/>\n<meta name=\"twitter:label1\" content=\"Gesch\u00e4tzte Lesezeit\" \/>\n\t<meta name=\"twitter:data1\" content=\"4\u00a0Minuten\" \/>\n<script type=\"application\/ld+json\" class=\"yoast-schema-graph\">{\"@context\":\"https:\\\/\\\/schema.org\",\"@graph\":[{\"@type\":\"WebPage\",\"@id\":\"https:\\\/\\\/www.frauenchor-dacapo.de\\\/neu\\\/impressum\\\/\",\"url\":\"https:\\\/\\\/www.frauenchor-dacapo.de\\\/neu\\\/impressum\\\/\",\"name\":\"Impressum - Frauenchor DaCapo e.V.\",\"isPartOf\":{\"@id\":\"https:\\\/\\\/www.frauenchor-dacapo.de\\\/neu\\\/#website\"},\"primaryImageOfPage\":{\"@id\":\"https:\\\/\\\/www.frauenchor-dacapo.de\\\/neu\\\/impressum\\\/#primaryimage\"},\"image\":{\"@id\":\"https:\\\/\\\/www.frauenchor-dacapo.de\\\/neu\\\/impressum\\\/#primaryimage\"},\"thumbnailUrl\":\"https:\\\/\\\/www.frauenchor-dacapo.de\\\/neu\\\/wp-content\\\/uploads\\\/2022\\\/12\\\/Bild1-e1670617542225.png\",\"datePublished\":\"2022-11-24T05:15:39+00:00\",\"dateModified\":\"2025-12-04T07:54:43+00:00\",\"description\":\"In unserem Impressum finden Sie wichtige Hinweise zur Erstellung von dieser Homepage.\",\"breadcrumb\":{\"@id\":\"https:\\\/\\\/www.frauenchor-dacapo.de\\\/neu\\\/impressum\\\/#breadcrumb\"},\"inLanguage\":\"de\",\"potentialAction\":[{\"@type\":\"ReadAction\",\"target\":[\"https:\\\/\\\/www.frauenchor-dacapo.de\\\/neu\\\/impressum\\\/\"]}]},{\"@type\":\"ImageObject\",\"inLanguage\":\"de\",\"@id\":\"https:\\\/\\\/www.frauenchor-dacapo.de\\\/neu\\\/impressum\\\/#primaryimage\",\"url\":\"https:\\\/\\\/www.frauenchor-dacapo.de\\\/neu\\\/wp-content\\\/uploads\\\/2022\\\/12\\\/Bild1-e1670617542225.png\",\"contentUrl\":\"https:\\\/\\\/www.frauenchor-dacapo.de\\\/neu\\\/wp-content\\\/uploads\\\/2022\\\/12\\\/Bild1-e1670617542225.png\",\"width\":1000,\"height\":372},{\"@type\":\"BreadcrumbList\",\"@id\":\"https:\\\/\\\/www.frauenchor-dacapo.de\\\/neu\\\/impressum\\\/#breadcrumb\",\"itemListElement\":[{\"@type\":\"ListItem\",\"position\":1,\"name\":\"Startseite\",\"item\":\"https:\\\/\\\/www.frauenchor-dacapo.de\\\/neu\\\/\"},{\"@type\":\"ListItem\",\"position\":2,\"name\":\"Impressum\"}]},{\"@type\":\"WebSite\",\"@id\":\"https:\\\/\\\/www.frauenchor-dacapo.de\\\/neu\\\/#website\",\"url\":\"https:\\\/\\\/www.frauenchor-dacapo.de\\\/neu\\\/\",\"name\":\"Frauenchor DaCapo e.V.\",\"description\":\"Frauenchor DaCapo e.V.\",\"publisher\":{\"@id\":\"https:\\\/\\\/www.frauenchor-dacapo.de\\\/neu\\\/#organization\"},\"potentialAction\":[{\"@type\":\"SearchAction\",\"target\":{\"@type\":\"EntryPoint\",\"urlTemplate\":\"https:\\\/\\\/www.frauenchor-dacapo.de\\\/neu\\\/?s={search_term_string}\"},\"query-input\":{\"@type\":\"PropertyValueSpecification\",\"valueRequired\":true,\"valueName\":\"search_term_string\"}}],\"inLanguage\":\"de\"},{\"@type\":\"Organization\",\"@id\":\"https:\\\/\\\/www.frauenchor-dacapo.de\\\/neu\\\/#organization\",\"name\":\"Frauenchor DaCapo e.V.\",\"url\":\"https:\\\/\\\/www.frauenchor-dacapo.de\\\/neu\\\/\",\"logo\":{\"@type\":\"ImageObject\",\"inLanguage\":\"de\",\"@id\":\"https:\\\/\\\/www.frauenchor-dacapo.de\\\/neu\\\/#\\\/schema\\\/logo\\\/image\\\/\",\"url\":\"https:\\\/\\\/www.frauenchor-dacapo.de\\\/neu\\\/wp-content\\\/uploads\\\/2020\\\/07\\\/Logo-1.png\",\"contentUrl\":\"https:\\\/\\\/www.frauenchor-dacapo.de\\\/neu\\\/wp-content\\\/uploads\\\/2020\\\/07\\\/Logo-1.png\",\"width\":350,\"height\":100,\"caption\":\"Frauenchor DaCapo e.V.\"},\"image\":{\"@id\":\"https:\\\/\\\/www.frauenchor-dacapo.de\\\/neu\\\/#\\\/schema\\\/logo\\\/image\\\/\"}}]}<\/script>\n<!-- \/ Yoast SEO plugin. -->","yoast_head_json":{"title":"Impressum - Frauenchor DaCapo e.V.","description":"In unserem Impressum finden Sie wichtige Hinweise zur Erstellung von dieser Homepage.","robots":{"index":"index","follow":"follow","max-snippet":"max-snippet:-1","max-image-preview":"max-image-preview:large","max-video-preview":"max-video-preview:-1"},"canonical":"https:\/\/www.frauenchor-dacapo.de\/neu\/impressum\/","og_locale":"de_DE","og_type":"article","og_title":"Impressum - Frauenchor DaCapo e.V.","og_description":"In unserem Impressum finden Sie wichtige Hinweise zur Erstellung von dieser Homepage.","og_url":"https:\/\/www.frauenchor-dacapo.de\/neu\/impressum\/","og_site_name":"Frauenchor DaCapo e.V.","article_modified_time":"2025-12-04T07:54:43+00:00","og_image":[{"url":"https:\/\/www.frauenchor-dacapo.de\/neu\/wp-content\/uploads\/2022\/12\/Bild1-e1670617542225.png","type":"","width":"","height":""}],"twitter_card":"summary_large_image","twitter_misc":{"Gesch\u00e4tzte Lesezeit":"4\u00a0Minuten"},"schema":{"@context":"https:\/\/schema.org","@graph":[{"@type":"WebPage","@id":"https:\/\/www.frauenchor-dacapo.de\/neu\/impressum\/","url":"https:\/\/www.frauenchor-dacapo.de\/neu\/impressum\/","name":"Impressum - Frauenchor DaCapo e.V.","isPartOf":{"@id":"https:\/\/www.frauenchor-dacapo.de\/neu\/#website"},"primaryImageOfPage":{"@id":"https:\/\/www.frauenchor-dacapo.de\/neu\/impressum\/#primaryimage"},"image":{"@id":"https:\/\/www.frauenchor-dacapo.de\/neu\/impressum\/#primaryimage"},"thumbnailUrl":"https:\/\/www.frauenchor-dacapo.de\/neu\/wp-content\/uploads\/2022\/12\/Bild1-e1670617542225.png","datePublished":"2022-11-24T05:15:39+00:00","dateModified":"2025-12-04T07:54:43+00:00","description":"In unserem Impressum finden Sie wichtige Hinweise zur Erstellung von dieser Homepage.","breadcrumb":{"@id":"https:\/\/www.frauenchor-dacapo.de\/neu\/impressum\/#breadcrumb"},"inLanguage":"de","potentialAction":[{"@type":"ReadAction","target":["https:\/\/www.frauenchor-dacapo.de\/neu\/impressum\/"]}]},{"@type":"ImageObject","inLanguage":"de","@id":"https:\/\/www.frauenchor-dacapo.de\/neu\/impressum\/#primaryimage","url":"https:\/\/www.frauenchor-dacapo.de\/neu\/wp-content\/uploads\/2022\/12\/Bild1-e1670617542225.png","contentUrl":"https:\/\/www.frauenchor-dacapo.de\/neu\/wp-content\/uploads\/2022\/12\/Bild1-e1670617542225.png","width":1000,"height":372},{"@type":"BreadcrumbList","@id":"https:\/\/www.frauenchor-dacapo.de\/neu\/impressum\/#breadcrumb","itemListElement":[{"@type":"ListItem","position":1,"name":"Startseite","item":"https:\/\/www.frauenchor-dacapo.de\/neu\/"},{"@type":"ListItem","position":2,"name":"Impressum"}]},{"@type":"WebSite","@id":"https:\/\/www.frauenchor-dacapo.de\/neu\/#website","url":"https:\/\/www.frauenchor-dacapo.de\/neu\/","name":"Frauenchor DaCapo e.V.","description":"Frauenchor DaCapo e.V.","publisher":{"@id":"https:\/\/www.frauenchor-dacapo.de\/neu\/#organization"},"potentialAction":[{"@type":"SearchAction","target":{"@type":"EntryPoint","urlTemplate":"https:\/\/www.frauenchor-dacapo.de\/neu\/?s={search_term_string}"},"query-input":{"@type":"PropertyValueSpecification","valueRequired":true,"valueName":"search_term_string"}}],"inLanguage":"de"},{"@type":"Organization","@id":"https:\/\/www.frauenchor-dacapo.de\/neu\/#organization","name":"Frauenchor DaCapo e.V.","url":"https:\/\/www.frauenchor-dacapo.de\/neu\/","logo":{"@type":"ImageObject","inLanguage":"de","@id":"https:\/\/www.frauenchor-dacapo.de\/neu\/#\/schema\/logo\/image\/","url":"https:\/\/www.frauenchor-dacapo.de\/neu\/wp-content\/uploads\/2020\/07\/Logo-1.png","contentUrl":"https:\/\/www.frauenchor-dacapo.de\/neu\/wp-content\/uploads\/2020\/07\/Logo-1.png","width":350,"height":100,"caption":"Frauenchor DaCapo e.V."},"image":{"@id":"https:\/\/www.frauenchor-dacapo.de\/neu\/#\/schema\/logo\/image\/"}}]}},"_links":{"self":[{"href":"https:\/\/www.frauenchor-dacapo.de\/neu\/wp-json\/wp\/v2\/pages\/262","targetHints":{"allow":["GET"]}}],"collection":[{"href":"https:\/\/www.frauenchor-dacapo.de\/neu\/wp-json\/wp\/v2\/pages"}],"about":[{"href":"https:\/\/www.frauenchor-dacapo.de\/neu\/wp-json\/wp\/v2\/types\/page"}],"author":[{"embeddable":true,"href":"https:\/\/www.frauenchor-dacapo.de\/neu\/wp-json\/wp\/v2\/users\/1"}],"replies":[{"embeddable":true,"href":"https:\/\/www.frauenchor-dacapo.de\/neu\/wp-json\/wp\/v2\/comments?post=262"}],"version-history":[{"count":59,"href":"https:\/\/www.frauenchor-dacapo.de\/neu\/wp-json\/wp\/v2\/pages\/262\/revisions"}],"predecessor-version":[{"id":5173,"href":"https:\/\/www.frauenchor-dacapo.de\/neu\/wp-json\/wp\/v2\/pages\/262\/revisions\/5173"}],"wp:attachment":[{"href":"https:\/\/www.frauenchor-dacapo.de\/neu\/wp-json\/wp\/v2\/media?parent=262"}],"curies":[{"name":"wp","href":"https:\/\/api.w.org\/{rel}","templated":true}]}}