{"id":200,"date":"2022-11-23T20:20:07","date_gmt":"2022-11-23T19:20:07","guid":{"rendered":"https:\/\/www.frauenchor-dacapo.de\/neu\/?page_id=200"},"modified":"2025-12-04T08:58:57","modified_gmt":"2025-12-04T07:58:57","slug":"strategie","status":"publish","type":"page","link":"https:\/\/www.frauenchor-dacapo.de\/neu\/strategie\/","title":{"rendered":"Strategie"},"content":{"rendered":"\t\t<div data-elementor-type=\"wp-page\" data-elementor-id=\"200\" class=\"elementor elementor-200\" data-elementor-post-type=\"page\">\n\t\t\t\t\t\t<section class=\"elementor-section elementor-top-section elementor-element elementor-element-a3042d9 elementor-section-boxed elementor-section-height-default elementor-section-height-default\" data-id=\"a3042d9\" data-element_type=\"section\" data-e-type=\"section\" data-settings=\"{&quot;background_background&quot;:&quot;classic&quot;}\">\n\t\t\t\t\t\t\t<div class=\"elementor-background-overlay\"><\/div>\n\t\t\t\t\t\t\t<div class=\"elementor-container elementor-column-gap-no\">\n\t\t\t\t\t<div class=\"aux-parallax-section elementor-column elementor-col-100 elementor-top-column elementor-element elementor-element-9698d79\" data-id=\"9698d79\" data-element_type=\"column\" data-e-type=\"column\">\n\t\t\t<div class=\"elementor-widget-wrap elementor-element-populated\">\n\t\t\t\t\t\t<div class=\"aux-scroll-anim elementor-element elementor-element-55f3b2c elementor-widget__width-auto aux-appear-watch-animation aux-fade-in-up-2 elementor-widget elementor-widget-heading\" data-move-in=\"\" data-move-out=\"moveHorizontal\" data-axis-x=\"-30\" data-axis-y=\"200\" data-rotate=\"90\" data-scale=\"1\" data-vp-top=\"0.5\" data-vp-bot=\"0.5\" data-el-top=\"0.2\" data-scroll-animation-off=\"1024\" data-id=\"55f3b2c\" data-element_type=\"widget\" data-e-type=\"widget\" data-widget_type=\"heading.default\">\n\t\t\t\t<div class=\"elementor-widget-container\">\n\t\t\t\t\t<h1 class=\"elementor-heading-title elementor-size-small\">Strategie<\/h1>\t\t\t\t<\/div>\n\t\t\t\t<\/div>\n\t\t\t\t<section class=\"elementor-section elementor-inner-section elementor-element elementor-element-e68ac44 elementor-section-height-min-height elementor-section-full_width elementor-section-height-default\" data-id=\"e68ac44\" data-element_type=\"section\" data-e-type=\"section\" data-settings=\"{&quot;background_background&quot;:&quot;slideshow&quot;,&quot;background_slideshow_gallery&quot;:[{&quot;id&quot;:3297,&quot;url&quot;:&quot;https:\\\/\\\/www.frauenchor-dacapo.de\\\/neu\\\/wp-content\\\/uploads\\\/2023\\\/04\\\/64-Chor13-scaled-e1681040553405.jpg&quot;},{&quot;id&quot;:3601,&quot;url&quot;:&quot;https:\\\/\\\/www.frauenchor-dacapo.de\\\/neu\\\/wp-content\\\/uploads\\\/2023\\\/05\\\/12-e1685222414113.jpg&quot;},{&quot;id&quot;:3599,&quot;url&quot;:&quot;https:\\\/\\\/www.frauenchor-dacapo.de\\\/neu\\\/wp-content\\\/uploads\\\/2023\\\/05\\\/32-e1685222465565.jpg&quot;},{&quot;id&quot;:1417,&quot;url&quot;:&quot;https:\\\/\\\/www.frauenchor-dacapo.de\\\/neu\\\/wp-content\\\/uploads\\\/2022\\\/09\\\/044-scaled-e1670324239160.jpg&quot;}],&quot;background_slideshow_slide_duration&quot;:5000,&quot;background_slideshow_slide_transition&quot;:&quot;fade&quot;,&quot;background_slideshow_transition_duration&quot;:500}\">\n\t\t\t\t\t\t<div class=\"elementor-container elementor-column-gap-no\">\n\t\t\t\t\t<div class=\"aux-parallax-section elementor-column elementor-col-100 elementor-inner-column elementor-element elementor-element-fc89a69\" data-id=\"fc89a69\" data-element_type=\"column\" data-e-type=\"column\">\n\t\t\t<div class=\"elementor-widget-wrap\">\n\t\t\t\t\t\t\t<\/div>\n\t\t<\/div>\n\t\t\t\t\t<\/div>\n\t\t<\/section>\n\t\t\t\t\t<\/div>\n\t\t<\/div>\n\t\t\t\t\t<\/div>\n\t\t<\/section>\n\t\t\t\t<section class=\"elementor-section elementor-inner-section elementor-element elementor-element-6597d952 elementor-section-full_width elementor-section-content-top elementor-section-height-default elementor-section-height-default\" data-id=\"6597d952\" data-element_type=\"section\" data-e-type=\"section\" data-settings=\"{&quot;background_background&quot;:&quot;gradient&quot;}\">\n\t\t\t\t\t\t<div class=\"elementor-container elementor-column-gap-no\">\n\t\t\t\t\t<div class=\"aux-parallax-section elementor-column elementor-col-50 elementor-inner-column elementor-element elementor-element-743c33ec\" data-id=\"743c33ec\" data-element_type=\"column\" data-e-type=\"column\" data-settings=\"{&quot;background_background&quot;:&quot;classic&quot;}\">\n\t\t\t<div class=\"elementor-widget-wrap elementor-element-populated\">\n\t\t\t\t\t\t<div class=\"elementor-element elementor-element-342cb6fa aux-appear-watch-animation aux-scale-down elementor-widget elementor-widget-aux_modern_heading\" data-id=\"342cb6fa\" data-element_type=\"widget\" data-e-type=\"widget\" data-widget_type=\"aux_modern_heading.default\">\n\t\t\t\t<div class=\"elementor-widget-container\">\n\t\t\t\t\t<section class=\"aux-widget-modern-heading\">\n            <div class=\"aux-widget-inner\"><h2 class=\"aux-modern-heading-primary\">Wie soll er sein, unser Chor...?<\/h2><\/div>\n        <\/section>\t\t\t\t<\/div>\n\t\t\t\t<\/div>\n\t\t\t\t\t<\/div>\n\t\t<\/div>\n\t\t\t\t<div class=\"aux-parallax-section elementor-column elementor-col-50 elementor-inner-column elementor-element elementor-element-78f69709\" data-id=\"78f69709\" data-element_type=\"column\" data-e-type=\"column\" data-settings=\"{&quot;background_background&quot;:&quot;classic&quot;}\">\n\t\t\t<div class=\"elementor-widget-wrap elementor-element-populated\">\n\t\t\t\t\t\t<div class=\"elementor-element elementor-element-55cce0b0 elementor-widget elementor-widget-image\" data-id=\"55cce0b0\" data-element_type=\"widget\" data-e-type=\"widget\" data-widget_type=\"image.default\">\n\t\t\t\t<div class=\"elementor-widget-container\">\n\t\t\t\t\t\t\t\t\t\t\t\t\t\t\t<img fetchpriority=\"high\" decoding=\"async\" width=\"1000\" height=\"372\" src=\"https:\/\/www.frauenchor-dacapo.de\/neu\/wp-content\/uploads\/2022\/12\/Bild1-e1670617542225.png\" class=\"attachment-full size-full wp-image-2520\" alt=\"\" \/>\t\t\t\t\t\t\t\t\t\t\t\t\t\t\t<\/div>\n\t\t\t\t<\/div>\n\t\t\t\t\t<\/div>\n\t\t<\/div>\n\t\t\t\t\t<\/div>\n\t\t<\/section>\n\t\t\t\t<section class=\"elementor-section elementor-top-section elementor-element elementor-element-2c06386 elementor-section-boxed elementor-section-height-default elementor-section-height-default\" data-id=\"2c06386\" data-element_type=\"section\" data-e-type=\"section\" data-settings=\"{&quot;background_background&quot;:&quot;classic&quot;}\">\n\t\t\t\t\t\t<div class=\"elementor-container elementor-column-gap-default\">\n\t\t\t\t\t<div class=\"aux-parallax-section elementor-column elementor-col-100 elementor-top-column elementor-element elementor-element-2e81b98\" data-id=\"2e81b98\" data-element_type=\"column\" data-e-type=\"column\">\n\t\t\t<div class=\"elementor-widget-wrap elementor-element-populated\">\n\t\t\t\t\t\t<section class=\"elementor-section elementor-inner-section elementor-element elementor-element-8554189 elementor-section-boxed elementor-section-height-default elementor-section-height-default\" data-id=\"8554189\" data-element_type=\"section\" data-e-type=\"section\">\n\t\t\t\t\t\t<div class=\"elementor-container elementor-column-gap-default\">\n\t\t\t\t\t<div class=\"aux-parallax-section elementor-column elementor-col-50 elementor-inner-column elementor-element elementor-element-a298638\" data-id=\"a298638\" data-element_type=\"column\" data-e-type=\"column\">\n\t\t\t<div class=\"elementor-widget-wrap elementor-element-populated\">\n\t\t\t\t\t\t<div class=\"elementor-element elementor-element-1141523 elementor-widget__width-initial elementor-widget elementor-widget-gallery\" data-id=\"1141523\" data-element_type=\"widget\" data-e-type=\"widget\" data-settings=\"{&quot;columns&quot;:2,&quot;gap&quot;:{&quot;unit&quot;:&quot;px&quot;,&quot;size&quot;:11,&quot;sizes&quot;:[]},&quot;columns_tablet&quot;:1,&quot;lazyload&quot;:&quot;yes&quot;,&quot;gallery_layout&quot;:&quot;grid&quot;,&quot;columns_mobile&quot;:1,&quot;gap_tablet&quot;:{&quot;unit&quot;:&quot;px&quot;,&quot;size&quot;:10,&quot;sizes&quot;:[]},&quot;gap_mobile&quot;:{&quot;unit&quot;:&quot;px&quot;,&quot;size&quot;:10,&quot;sizes&quot;:[]},&quot;aspect_ratio&quot;:&quot;3:2&quot;,&quot;overlay_background&quot;:&quot;yes&quot;,&quot;content_hover_animation&quot;:&quot;fade-in&quot;}\" data-widget_type=\"gallery.default\">\n\t\t\t\t<div class=\"elementor-widget-container\">\n\t\t\t\t\t\t\t<div class=\"elementor-gallery__container\">\n\t\t\t\t\t\t\t<div class=\"e-gallery-item elementor-gallery-item elementor-animated-content\">\n\t\t\t\t\t<div class=\"e-gallery-image elementor-gallery-item__image\" data-thumbnail=\"https:\/\/www.frauenchor-dacapo.de\/neu\/wp-content\/uploads\/2023\/04\/13.jpg\" data-width=\"1024\" data-height=\"682\" aria-label=\"\" role=\"img\" ><\/div>\n\t\t\t\t\t\t\t\t\t\t\t<div class=\"elementor-gallery-item__overlay\"><\/div>\n\t\t\t\t\t\t\t\t\t\t\t\t\t\t<\/div>\n\t\t\t\t\t\t\t<div class=\"e-gallery-item elementor-gallery-item elementor-animated-content\">\n\t\t\t\t\t<div class=\"e-gallery-image elementor-gallery-item__image\" data-thumbnail=\"https:\/\/www.frauenchor-dacapo.de\/neu\/wp-content\/uploads\/2023\/04\/27-1.jpg\" data-width=\"1024\" data-height=\"682\" aria-label=\"\" role=\"img\" ><\/div>\n\t\t\t\t\t\t\t\t\t\t\t<div class=\"elementor-gallery-item__overlay\"><\/div>\n\t\t\t\t\t\t\t\t\t\t\t\t\t\t<\/div>\n\t\t\t\t\t\t\t<div class=\"e-gallery-item elementor-gallery-item elementor-animated-content\">\n\t\t\t\t\t<div class=\"e-gallery-image elementor-gallery-item__image\" data-thumbnail=\"https:\/\/www.frauenchor-dacapo.de\/neu\/wp-content\/uploads\/2023\/04\/30.jpg\" data-width=\"1024\" data-height=\"682\" aria-label=\"\" role=\"img\" ><\/div>\n\t\t\t\t\t\t\t\t\t\t\t<div class=\"elementor-gallery-item__overlay\"><\/div>\n\t\t\t\t\t\t\t\t\t\t\t\t\t\t<\/div>\n\t\t\t\t\t\t\t<div class=\"e-gallery-item elementor-gallery-item elementor-animated-content\">\n\t\t\t\t\t<div class=\"e-gallery-image elementor-gallery-item__image\" data-thumbnail=\"https:\/\/www.frauenchor-dacapo.de\/neu\/wp-content\/uploads\/2023\/04\/32-1.jpg\" data-width=\"1024\" data-height=\"682\" aria-label=\"\" role=\"img\" ><\/div>\n\t\t\t\t\t\t\t\t\t\t\t<div class=\"elementor-gallery-item__overlay\"><\/div>\n\t\t\t\t\t\t\t\t\t\t\t\t\t\t<\/div>\n\t\t\t\t\t\t\t<div class=\"e-gallery-item elementor-gallery-item elementor-animated-content\">\n\t\t\t\t\t<div class=\"e-gallery-image elementor-gallery-item__image\" data-thumbnail=\"https:\/\/www.frauenchor-dacapo.de\/neu\/wp-content\/uploads\/2023\/04\/33-1.jpg\" data-width=\"1024\" data-height=\"682\" aria-label=\"\" role=\"img\" ><\/div>\n\t\t\t\t\t\t\t\t\t\t\t<div class=\"elementor-gallery-item__overlay\"><\/div>\n\t\t\t\t\t\t\t\t\t\t\t\t\t\t<\/div>\n\t\t\t\t\t\t\t<div class=\"e-gallery-item elementor-gallery-item elementor-animated-content\">\n\t\t\t\t\t<div class=\"e-gallery-image elementor-gallery-item__image\" data-thumbnail=\"https:\/\/www.frauenchor-dacapo.de\/neu\/wp-content\/uploads\/2023\/04\/34-1.jpg\" data-width=\"1024\" data-height=\"682\" aria-label=\"\" role=\"img\" ><\/div>\n\t\t\t\t\t\t\t\t\t\t\t<div class=\"elementor-gallery-item__overlay\"><\/div>\n\t\t\t\t\t\t\t\t\t\t\t\t\t\t<\/div>\n\t\t\t\t\t<\/div>\n\t\t\t\t\t<\/div>\n\t\t\t\t<\/div>\n\t\t\t\t\t<\/div>\n\t\t<\/div>\n\t\t\t\t<div class=\"aux-parallax-section elementor-column elementor-col-50 elementor-inner-column elementor-element elementor-element-b780c69\" data-id=\"b780c69\" data-element_type=\"column\" data-e-type=\"column\">\n\t\t\t<div class=\"elementor-widget-wrap elementor-element-populated\">\n\t\t\t\t\t\t<div class=\"elementor-element elementor-element-468efef elementor-widget elementor-widget-text-editor\" data-id=\"468efef\" data-element_type=\"widget\" data-e-type=\"widget\" data-widget_type=\"text-editor.default\">\n\t\t\t\t<div class=\"elementor-widget-container\">\n\t\t\t\t\t\t\t\t\t<div class=\"xr_txt xr_s24\"><span class=\"xr_tl xr_s26\"><span class=\"xr_s27\">&#8211; <\/span><\/span><span class=\"xr_tl xr_s26\"><span class=\"xr_s28\">dynamisch, wie ein Chor von heute<\/span><\/span><\/div><div class=\"xr_txt xr_s24\"><span class=\"xr_tl xr_s28\"><span class=\"xr_s27\">&#8211; <\/span><\/span><span class=\"xr_tl xr_s28\">motiviert, neugierig, aufgeschlossen und mutig, etwas Neues <\/span><span class=\"xr_tl xr_s26\"><span class=\"xr_s28\">auszuprobieren<\/span><\/span><\/div><div class=\"xr_txt xr_s24\"><span class=\"xr_tl xr_s26\"><span class=\"xr_s28\">&#8211; \u201egut drauf\u201c, also freundlich und offen zu<br \/>\u00a0 \u00a0sich und dem Publikum<\/span><\/span><\/div><div class=\"xr_txt xr_s24\"><span class=\"xr_tl xr_s26\"><span class=\"xr_s28\">&#8211; mitrei\u00dfend, der Spa\u00df am Singen soll<br \/>\u00a0 sichtbar und h\u00f6rbar sein<\/span><\/span><\/div><div class=\"xr_txt xr_s24\"><span class=\"xr_tl xr_s28\">&#8211; pr\u00e4sent auf der B\u00fchne, damit Motivation und Freude des Chores <\/span> <span class=\"xr_tl xr_s28\">auf die Zuh\u00f6rer \u00fcbergehen<\/span><\/div><div>\u00a0<\/div><div class=\"xr_txt xr_s24\"><span class=\"xr_tl xr_s25\"><b>\u00a0 Wie wollen wir das erreichen?<\/b><\/span><br \/><span class=\"xr_tl xr_s28\">\u00a0 durch:<\/span><\/div><div class=\"xr_txt xr_s24\"><span class=\"xr_tl xr_s28\">&#8211; interessante Literatur, auch in anderen<br \/>\u00a0 Sprachen <\/span><span class=\"xr_tl xr_s28\">von Abba bis Mozart, <br \/>\u00a0 von Gospel bis Swing, Rock-und Popmusik, <\/span><span class=\"xr_tl xr_s26\"><span class=\"xr_s28\">aber auch Sakrales, Folklore Volkslieder und Traditionelles<\/span><\/span><\/div><div class=\"xr_txt xr_s24\"><span class=\"xr_tl xr_s28\">&#8211; Themenkonzerte, z. B. \u201eLiebe\u201d,<br \/>\u00a0 \u201eReisen\u201d, \u201eSwing\u201d, <\/span> <span class=\"xr_tl xr_s26\"><span class=\"xr_s28\">\u201eFolklore meets Pop\u201d<\/span><\/span><\/div><div class=\"xr_txt xr_s24\"><span class=\"xr_tl xr_s28\">&#8211; eine \u00fcberzeugende B\u00fchnenpr\u00e4senz, <\/span> <span class=\"xr_tl xr_s28\">zu der auch Singen ohne Noten geh\u00f6rt<\/span><\/div><div class=\"xr_txt xr_s24\"><span class=\"xr_tl xr_s28\">&#8211; lebendige und konzentrierte Proben<\/span><\/div><div class=\"xr_txt xr_s24\"><span class=\"xr_tl xr_s28\">&#8211; eine gute Chorgemeinschaft\u00a0<br \/><\/span><\/div><div>\u00a0<\/div><div class=\"xr_txt xr_s24\"><span class=\"xr_tl xr_s25\">Zusammengefasst: <br \/><\/span><span class=\"xr_tl xr_s25\"><strong>Es soll Spa\u00df machen!<\/strong><br \/><\/span><\/div>\t\t\t\t\t\t\t\t<\/div>\n\t\t\t\t<\/div>\n\t\t\t\t\t<\/div>\n\t\t<\/div>\n\t\t\t\t\t<\/div>\n\t\t<\/section>\n\t\t\t\t\t<\/div>\n\t\t<\/div>\n\t\t\t\t\t<\/div>\n\t\t<\/section>\n\t\t\t\t<\/div>\n\t\t","protected":false},"excerpt":{"rendered":"<p>Strategie Wie soll er sein, unser Chor&#8230;? &#8211; dynamisch, wie ein Chor von heute- motiviert, neugierig, aufgeschlossen und mutig, etwas Neues auszuprobieren- \u201egut drauf\u201c, also freundlich und offen zu sich und dem Publikum- mitrei\u00dfend, der Spa\u00df am Singen soll sichtbar und h\u00f6rbar sein- pr\u00e4sent auf der B\u00fchne, damit Motivation und Freude des Chores auf die [&hellip;]<\/p>\n","protected":false},"author":1,"featured_media":4806,"parent":0,"menu_order":0,"comment_status":"closed","ping_status":"closed","template":"","meta":{"footnotes":""},"class_list":["post-200","page","type-page","status-publish","has-post-thumbnail","hentry"],"yoast_head":"<!-- This site is optimized with the Yoast SEO plugin v27.4 - https:\/\/yoast.com\/product\/yoast-seo-wordpress\/ -->\n<title>Strategie - Frauenchor DaCapo e.V.<\/title>\n<meta name=\"description\" content=\"\u2013 dynamisch, wie ein Chor von heute \u2013 motiviert, neugierig, aufgeschlossen und mutig, etwas Neues auszuprobieren \u2013 \u201egut drauf\u201c, also freundlich und offen zu sich und dem Publikum \u2013 mitrei\u00dfend, der Spa\u00df am Singen soll sichtbar und h\u00f6rbar sein \u2013 pr\u00e4sent auf der B\u00fchne, damit Motivation und Freude des Chores auf die Zuh\u00f6rer \u00fcbergehen\" \/>\n<meta name=\"robots\" content=\"index, follow, max-snippet:-1, max-image-preview:large, max-video-preview:-1\" \/>\n<link rel=\"canonical\" href=\"https:\/\/www.frauenchor-dacapo.de\/neu\/strategie\/\" \/>\n<meta property=\"og:locale\" content=\"de_DE\" \/>\n<meta property=\"og:type\" content=\"article\" \/>\n<meta property=\"og:title\" content=\"Strategie - Frauenchor DaCapo e.V.\" \/>\n<meta property=\"og:description\" content=\"\u2013 dynamisch, wie ein Chor von heute \u2013 motiviert, neugierig, aufgeschlossen und mutig, etwas Neues auszuprobieren \u2013 \u201egut drauf\u201c, also freundlich und offen zu sich und dem Publikum \u2013 mitrei\u00dfend, der Spa\u00df am Singen soll sichtbar und h\u00f6rbar sein \u2013 pr\u00e4sent auf der B\u00fchne, damit Motivation und Freude des Chores auf die Zuh\u00f6rer \u00fcbergehen\" \/>\n<meta property=\"og:url\" content=\"https:\/\/www.frauenchor-dacapo.de\/neu\/strategie\/\" \/>\n<meta property=\"og:site_name\" content=\"Frauenchor DaCapo e.V.\" \/>\n<meta property=\"article:modified_time\" content=\"2025-12-04T07:58:57+00:00\" \/>\n<meta property=\"og:image\" content=\"https:\/\/www.frauenchor-dacapo.de\/neu\/wp-content\/uploads\/2025\/04\/2-DaCapo-12-04-2025.jpg\" \/>\n\t<meta property=\"og:image:width\" content=\"1920\" \/>\n\t<meta property=\"og:image:height\" content=\"1260\" \/>\n\t<meta property=\"og:image:type\" content=\"image\/jpeg\" \/>\n<meta name=\"twitter:card\" content=\"summary_large_image\" \/>\n<meta name=\"twitter:label1\" content=\"Gesch\u00e4tzte Lesezeit\" \/>\n\t<meta name=\"twitter:data1\" content=\"2\u00a0Minuten\" \/>\n<script type=\"application\/ld+json\" class=\"yoast-schema-graph\">{\"@context\":\"https:\\\/\\\/schema.org\",\"@graph\":[{\"@type\":\"WebPage\",\"@id\":\"https:\\\/\\\/www.frauenchor-dacapo.de\\\/neu\\\/strategie\\\/\",\"url\":\"https:\\\/\\\/www.frauenchor-dacapo.de\\\/neu\\\/strategie\\\/\",\"name\":\"Strategie - Frauenchor DaCapo e.V.\",\"isPartOf\":{\"@id\":\"https:\\\/\\\/www.frauenchor-dacapo.de\\\/neu\\\/#website\"},\"primaryImageOfPage\":{\"@id\":\"https:\\\/\\\/www.frauenchor-dacapo.de\\\/neu\\\/strategie\\\/#primaryimage\"},\"image\":{\"@id\":\"https:\\\/\\\/www.frauenchor-dacapo.de\\\/neu\\\/strategie\\\/#primaryimage\"},\"thumbnailUrl\":\"https:\\\/\\\/www.frauenchor-dacapo.de\\\/neu\\\/wp-content\\\/uploads\\\/2025\\\/04\\\/2-DaCapo-12-04-2025-e1764838769332.jpg\",\"datePublished\":\"2022-11-23T19:20:07+00:00\",\"dateModified\":\"2025-12-04T07:58:57+00:00\",\"description\":\"\u2013 dynamisch, wie ein Chor von heute \u2013 motiviert, neugierig, aufgeschlossen und mutig, etwas Neues auszuprobieren \u2013 \u201egut drauf\u201c, also freundlich und offen zu sich und dem Publikum \u2013 mitrei\u00dfend, der Spa\u00df am Singen soll sichtbar und h\u00f6rbar sein \u2013 pr\u00e4sent auf der B\u00fchne, damit Motivation und Freude des Chores auf die Zuh\u00f6rer \u00fcbergehen\",\"breadcrumb\":{\"@id\":\"https:\\\/\\\/www.frauenchor-dacapo.de\\\/neu\\\/strategie\\\/#breadcrumb\"},\"inLanguage\":\"de\",\"potentialAction\":[{\"@type\":\"ReadAction\",\"target\":[\"https:\\\/\\\/www.frauenchor-dacapo.de\\\/neu\\\/strategie\\\/\"]}]},{\"@type\":\"ImageObject\",\"inLanguage\":\"de\",\"@id\":\"https:\\\/\\\/www.frauenchor-dacapo.de\\\/neu\\\/strategie\\\/#primaryimage\",\"url\":\"https:\\\/\\\/www.frauenchor-dacapo.de\\\/neu\\\/wp-content\\\/uploads\\\/2025\\\/04\\\/2-DaCapo-12-04-2025-e1764838769332.jpg\",\"contentUrl\":\"https:\\\/\\\/www.frauenchor-dacapo.de\\\/neu\\\/wp-content\\\/uploads\\\/2025\\\/04\\\/2-DaCapo-12-04-2025-e1764838769332.jpg\",\"width\":1920,\"height\":758},{\"@type\":\"BreadcrumbList\",\"@id\":\"https:\\\/\\\/www.frauenchor-dacapo.de\\\/neu\\\/strategie\\\/#breadcrumb\",\"itemListElement\":[{\"@type\":\"ListItem\",\"position\":1,\"name\":\"Startseite\",\"item\":\"https:\\\/\\\/www.frauenchor-dacapo.de\\\/neu\\\/\"},{\"@type\":\"ListItem\",\"position\":2,\"name\":\"Strategie\"}]},{\"@type\":\"WebSite\",\"@id\":\"https:\\\/\\\/www.frauenchor-dacapo.de\\\/neu\\\/#website\",\"url\":\"https:\\\/\\\/www.frauenchor-dacapo.de\\\/neu\\\/\",\"name\":\"Frauenchor DaCapo e.V.\",\"description\":\"Frauenchor DaCapo e.V.\",\"publisher\":{\"@id\":\"https:\\\/\\\/www.frauenchor-dacapo.de\\\/neu\\\/#organization\"},\"potentialAction\":[{\"@type\":\"SearchAction\",\"target\":{\"@type\":\"EntryPoint\",\"urlTemplate\":\"https:\\\/\\\/www.frauenchor-dacapo.de\\\/neu\\\/?s={search_term_string}\"},\"query-input\":{\"@type\":\"PropertyValueSpecification\",\"valueRequired\":true,\"valueName\":\"search_term_string\"}}],\"inLanguage\":\"de\"},{\"@type\":\"Organization\",\"@id\":\"https:\\\/\\\/www.frauenchor-dacapo.de\\\/neu\\\/#organization\",\"name\":\"Frauenchor DaCapo e.V.\",\"url\":\"https:\\\/\\\/www.frauenchor-dacapo.de\\\/neu\\\/\",\"logo\":{\"@type\":\"ImageObject\",\"inLanguage\":\"de\",\"@id\":\"https:\\\/\\\/www.frauenchor-dacapo.de\\\/neu\\\/#\\\/schema\\\/logo\\\/image\\\/\",\"url\":\"https:\\\/\\\/www.frauenchor-dacapo.de\\\/neu\\\/wp-content\\\/uploads\\\/2020\\\/07\\\/Logo-1.png\",\"contentUrl\":\"https:\\\/\\\/www.frauenchor-dacapo.de\\\/neu\\\/wp-content\\\/uploads\\\/2020\\\/07\\\/Logo-1.png\",\"width\":350,\"height\":100,\"caption\":\"Frauenchor DaCapo e.V.\"},\"image\":{\"@id\":\"https:\\\/\\\/www.frauenchor-dacapo.de\\\/neu\\\/#\\\/schema\\\/logo\\\/image\\\/\"}}]}<\/script>\n<!-- \/ Yoast SEO plugin. -->","yoast_head_json":{"title":"Strategie - Frauenchor DaCapo e.V.","description":"\u2013 dynamisch, wie ein Chor von heute \u2013 motiviert, neugierig, aufgeschlossen und mutig, etwas Neues auszuprobieren \u2013 \u201egut drauf\u201c, also freundlich und offen zu sich und dem Publikum \u2013 mitrei\u00dfend, der Spa\u00df am Singen soll sichtbar und h\u00f6rbar sein \u2013 pr\u00e4sent auf der B\u00fchne, damit Motivation und Freude des Chores auf die Zuh\u00f6rer \u00fcbergehen","robots":{"index":"index","follow":"follow","max-snippet":"max-snippet:-1","max-image-preview":"max-image-preview:large","max-video-preview":"max-video-preview:-1"},"canonical":"https:\/\/www.frauenchor-dacapo.de\/neu\/strategie\/","og_locale":"de_DE","og_type":"article","og_title":"Strategie - Frauenchor DaCapo e.V.","og_description":"\u2013 dynamisch, wie ein Chor von heute \u2013 motiviert, neugierig, aufgeschlossen und mutig, etwas Neues auszuprobieren \u2013 \u201egut drauf\u201c, also freundlich und offen zu sich und dem Publikum \u2013 mitrei\u00dfend, der Spa\u00df am Singen soll sichtbar und h\u00f6rbar sein \u2013 pr\u00e4sent auf der B\u00fchne, damit Motivation und Freude des Chores auf die Zuh\u00f6rer \u00fcbergehen","og_url":"https:\/\/www.frauenchor-dacapo.de\/neu\/strategie\/","og_site_name":"Frauenchor DaCapo e.V.","article_modified_time":"2025-12-04T07:58:57+00:00","og_image":[{"width":1920,"height":1260,"url":"https:\/\/www.frauenchor-dacapo.de\/neu\/wp-content\/uploads\/2025\/04\/2-DaCapo-12-04-2025.jpg","type":"image\/jpeg"}],"twitter_card":"summary_large_image","twitter_misc":{"Gesch\u00e4tzte Lesezeit":"2\u00a0Minuten"},"schema":{"@context":"https:\/\/schema.org","@graph":[{"@type":"WebPage","@id":"https:\/\/www.frauenchor-dacapo.de\/neu\/strategie\/","url":"https:\/\/www.frauenchor-dacapo.de\/neu\/strategie\/","name":"Strategie - Frauenchor DaCapo e.V.","isPartOf":{"@id":"https:\/\/www.frauenchor-dacapo.de\/neu\/#website"},"primaryImageOfPage":{"@id":"https:\/\/www.frauenchor-dacapo.de\/neu\/strategie\/#primaryimage"},"image":{"@id":"https:\/\/www.frauenchor-dacapo.de\/neu\/strategie\/#primaryimage"},"thumbnailUrl":"https:\/\/www.frauenchor-dacapo.de\/neu\/wp-content\/uploads\/2025\/04\/2-DaCapo-12-04-2025-e1764838769332.jpg","datePublished":"2022-11-23T19:20:07+00:00","dateModified":"2025-12-04T07:58:57+00:00","description":"\u2013 dynamisch, wie ein Chor von heute \u2013 motiviert, neugierig, aufgeschlossen und mutig, etwas Neues auszuprobieren \u2013 \u201egut drauf\u201c, also freundlich und offen zu sich und dem Publikum \u2013 mitrei\u00dfend, der Spa\u00df am Singen soll sichtbar und h\u00f6rbar sein \u2013 pr\u00e4sent auf der B\u00fchne, damit Motivation und Freude des Chores auf die Zuh\u00f6rer \u00fcbergehen","breadcrumb":{"@id":"https:\/\/www.frauenchor-dacapo.de\/neu\/strategie\/#breadcrumb"},"inLanguage":"de","potentialAction":[{"@type":"ReadAction","target":["https:\/\/www.frauenchor-dacapo.de\/neu\/strategie\/"]}]},{"@type":"ImageObject","inLanguage":"de","@id":"https:\/\/www.frauenchor-dacapo.de\/neu\/strategie\/#primaryimage","url":"https:\/\/www.frauenchor-dacapo.de\/neu\/wp-content\/uploads\/2025\/04\/2-DaCapo-12-04-2025-e1764838769332.jpg","contentUrl":"https:\/\/www.frauenchor-dacapo.de\/neu\/wp-content\/uploads\/2025\/04\/2-DaCapo-12-04-2025-e1764838769332.jpg","width":1920,"height":758},{"@type":"BreadcrumbList","@id":"https:\/\/www.frauenchor-dacapo.de\/neu\/strategie\/#breadcrumb","itemListElement":[{"@type":"ListItem","position":1,"name":"Startseite","item":"https:\/\/www.frauenchor-dacapo.de\/neu\/"},{"@type":"ListItem","position":2,"name":"Strategie"}]},{"@type":"WebSite","@id":"https:\/\/www.frauenchor-dacapo.de\/neu\/#website","url":"https:\/\/www.frauenchor-dacapo.de\/neu\/","name":"Frauenchor DaCapo e.V.","description":"Frauenchor DaCapo e.V.","publisher":{"@id":"https:\/\/www.frauenchor-dacapo.de\/neu\/#organization"},"potentialAction":[{"@type":"SearchAction","target":{"@type":"EntryPoint","urlTemplate":"https:\/\/www.frauenchor-dacapo.de\/neu\/?s={search_term_string}"},"query-input":{"@type":"PropertyValueSpecification","valueRequired":true,"valueName":"search_term_string"}}],"inLanguage":"de"},{"@type":"Organization","@id":"https:\/\/www.frauenchor-dacapo.de\/neu\/#organization","name":"Frauenchor DaCapo e.V.","url":"https:\/\/www.frauenchor-dacapo.de\/neu\/","logo":{"@type":"ImageObject","inLanguage":"de","@id":"https:\/\/www.frauenchor-dacapo.de\/neu\/#\/schema\/logo\/image\/","url":"https:\/\/www.frauenchor-dacapo.de\/neu\/wp-content\/uploads\/2020\/07\/Logo-1.png","contentUrl":"https:\/\/www.frauenchor-dacapo.de\/neu\/wp-content\/uploads\/2020\/07\/Logo-1.png","width":350,"height":100,"caption":"Frauenchor DaCapo e.V."},"image":{"@id":"https:\/\/www.frauenchor-dacapo.de\/neu\/#\/schema\/logo\/image\/"}}]}},"_links":{"self":[{"href":"https:\/\/www.frauenchor-dacapo.de\/neu\/wp-json\/wp\/v2\/pages\/200","targetHints":{"allow":["GET"]}}],"collection":[{"href":"https:\/\/www.frauenchor-dacapo.de\/neu\/wp-json\/wp\/v2\/pages"}],"about":[{"href":"https:\/\/www.frauenchor-dacapo.de\/neu\/wp-json\/wp\/v2\/types\/page"}],"author":[{"embeddable":true,"href":"https:\/\/www.frauenchor-dacapo.de\/neu\/wp-json\/wp\/v2\/users\/1"}],"replies":[{"embeddable":true,"href":"https:\/\/www.frauenchor-dacapo.de\/neu\/wp-json\/wp\/v2\/comments?post=200"}],"version-history":[{"count":161,"href":"https:\/\/www.frauenchor-dacapo.de\/neu\/wp-json\/wp\/v2\/pages\/200\/revisions"}],"predecessor-version":[{"id":5175,"href":"https:\/\/www.frauenchor-dacapo.de\/neu\/wp-json\/wp\/v2\/pages\/200\/revisions\/5175"}],"wp:featuredmedia":[{"embeddable":true,"href":"https:\/\/www.frauenchor-dacapo.de\/neu\/wp-json\/wp\/v2\/media\/4806"}],"wp:attachment":[{"href":"https:\/\/www.frauenchor-dacapo.de\/neu\/wp-json\/wp\/v2\/media?parent=200"}],"curies":[{"name":"wp","href":"https:\/\/api.w.org\/{rel}","templated":true}]}}